{"id":898,"date":"2019-08-27T13:28:24","date_gmt":"2019-08-27T13:28:24","guid":{"rendered":"https:\/\/dancefit-andi.de\/?page_id=898"},"modified":"2019-08-27T14:45:54","modified_gmt":"2019-08-27T14:45:54","slug":"andreas-goetz","status":"publish","type":"page","link":"https:\/\/dancefit-andi.de\/?page_id=898","title":{"rendered":"Andreas G\u00f6tz"},"content":{"rendered":"\t\t<div data-elementor-type=\"wp-post\" data-elementor-id=\"898\" class=\"elementor elementor-898\">\n\t\t\t\t\t\t<section class=\"elementor-section elementor-top-section elementor-element elementor-element-2ae6a28 elementor-section-boxed elementor-section-height-default elementor-section-height-default\" data-id=\"2ae6a28\" data-element_type=\"section\">\n\t\t\t\t\t\t<div class=\"elementor-container elementor-column-gap-default\">\n\t\t\t\t\t<div class=\"elementor-column elementor-col-100 elementor-top-column elementor-element elementor-element-dece91e\" data-id=\"dece91e\" data-element_type=\"column\">\n\t\t\t<div class=\"elementor-widget-wrap elementor-element-populated\">\n\t\t\t\t\t\t<div class=\"elementor-element elementor-element-d713457 elementor-widget elementor-widget-text-editor\" data-id=\"d713457\" data-element_type=\"widget\" data-widget_type=\"text-editor.default\">\n\t\t\t\t<div class=\"elementor-widget-container\">\n\t\t\t\t\t\t\t\t\t<p><img decoding=\"async\" class=\"alignright wp-image-914\" src=\"https:\/\/dancefit-andi.de\/wp-content\/uploads\/2019\/08\/Andi-Profile-e1566915740163-300x202.jpg\" alt=\"\" width=\"250\" height=\"168\" srcset=\"https:\/\/dancefit-andi.de\/wp-content\/uploads\/2019\/08\/Andi-Profile-e1566915740163-300x202.jpg 300w, https:\/\/dancefit-andi.de\/wp-content\/uploads\/2019\/08\/Andi-Profile-e1566915740163-768x516.jpg 768w, https:\/\/dancefit-andi.de\/wp-content\/uploads\/2019\/08\/Andi-Profile-e1566915740163.jpg 1000w\" sizes=\"(max-width: 250px) 100vw, 250px\" \/><\/p><p>Hi,<\/p><p>\u00a0<\/p><p>mein Name ist Andreas G\u00f6tz, oder einfach &#8222;Andi&#8220;. Seit meiner Kindheit bin ich stets ambitioniert und leistungsorientiert im Sport aktiv. Im Jahr 1999 hat mich dann das Breakdance-Fieber gepackt und seitdem ist das Tanzen ein wichtiger Bestandteil meines Lebens und hat dieses entscheidend gepr\u00e4gt. Unz\u00e4hlige Auftritte und Wettbewerbe (&#8222;Battles&#8220;) im europ\u00e4ischen Raum waren Teil meines Weges. Hier ein paar Beispiele:<\/p><ul><li>preisgekr\u00f6nte Tanztheater-Performances mit Nobulus &#8211;<a href=\"https:\/\/www.youtube.com\/watch?v=HBSEVvdpNgE\" target=\"_blank\" rel=\"noopener noreferrer\"> Out of the Shadow<\/a><\/li><li>1.Platz <a href=\"http:\/\/dutchopenhiphop.com\/de\/winners-dutch-open\/\" target=\"_blank\" rel=\"noopener\">Dutch Open<\/a> Breakance Crew Battles 2008 mit Mad Grillz<\/li><li>Diverse top Platzierungen bei Battles<\/li><\/ul><p>Selbstverst\u00e4ndlich durfte auch die Bildung nicht vernachl\u00e4ssigt werden. Nach dem Fachabitur an der FOS Sonthofen schloss ich ein Dolmetscher-Studium in der Fachakademie (FAK) in Kempten ab. Sprachen: Englisch und Spanisch<\/p><p>Nat\u00fcrlich muss der K\u00f6rper diesen immensen Belastungen standhalten k\u00f6nnen. Dabei hat das Krafttraining einen wichtigen Stellenwert f\u00fcr mich eingenommen. Insbesondere athletisch orientiertes Langhanteltraining hat das Verletzungsrisiko minimiert und meine Leistungsf\u00e4higkeit deutlich erh\u00f6ht. Inzwischen betreibe ich den Langhantelsport mit gleicher Leidenschaft wie den Tanz.<\/p><p>Meine Trainerlizenzen:<\/p>\t\t\t\t\t\t\t\t<\/div>\n\t\t\t\t<\/div>\n\t\t\t\t\t<\/div>\n\t\t<\/div>\n\t\t\t\t\t<\/div>\n\t\t<\/section>\n\t\t\t\t<section class=\"elementor-section elementor-top-section elementor-element elementor-element-90149e8 elementor-section-boxed elementor-section-height-default elementor-section-height-default\" data-id=\"90149e8\" data-element_type=\"section\">\n\t\t\t\t\t\t<div class=\"elementor-container elementor-column-gap-default\">\n\t\t\t\t\t<div class=\"elementor-column elementor-col-50 elementor-top-column elementor-element elementor-element-b14606c\" data-id=\"b14606c\" data-element_type=\"column\">\n\t\t\t<div class=\"elementor-widget-wrap elementor-element-populated\">\n\t\t\t\t\t\t<div class=\"elementor-element elementor-element-28f612e elementor-widget elementor-widget-text-editor\" data-id=\"28f612e\" data-element_type=\"widget\" data-widget_type=\"text-editor.default\">\n\t\t\t\t<div class=\"elementor-widget-container\">\n\t\t\t\t\t\t\t\t\t<ul><li><span style=\"text-decoration: underline;\">Kraft &amp; Fitness<\/span><\/li><li>\u00a0<\/li><li>C-Lizenz Kraft &amp; Fitness BGKV(Grundlagen Ger\u00e4te, Olymp. Gewichtheben und KDK)<\/li><li>B-Lizenz Kraft &amp; Fitness BGKV (Leistungssport)<\/li><\/ul>\t\t\t\t\t\t\t\t<\/div>\n\t\t\t\t<\/div>\n\t\t\t\t<div class=\"elementor-element elementor-element-1f6e2a6 elementor-widget elementor-widget-button\" data-id=\"1f6e2a6\" data-element_type=\"widget\" data-widget_type=\"button.default\">\n\t\t\t\t<div class=\"elementor-widget-container\">\n\t\t\t\t\t\t\t\t\t<div class=\"elementor-button-wrapper\">\n\t\t\t\t\t<a class=\"elementor-button elementor-button-link elementor-size-sm\" href=\"https:\/\/www.bgkv.de\/\">\n\t\t\t\t\t\t<span class=\"elementor-button-content-wrapper\">\n\t\t\t\t\t\t\t\t\t<span class=\"elementor-button-text\">BGKV<\/span>\n\t\t\t\t\t<\/span>\n\t\t\t\t\t<\/a>\n\t\t\t\t<\/div>\n\t\t\t\t\t\t\t\t<\/div>\n\t\t\t\t<\/div>\n\t\t\t\t\t<\/div>\n\t\t<\/div>\n\t\t\t\t<div class=\"elementor-column elementor-col-50 elementor-top-column elementor-element elementor-element-5cfd69d\" data-id=\"5cfd69d\" data-element_type=\"column\">\n\t\t\t<div class=\"elementor-widget-wrap elementor-element-populated\">\n\t\t\t\t\t\t<div class=\"elementor-element elementor-element-75cc596 elementor-widget elementor-widget-text-editor\" data-id=\"75cc596\" data-element_type=\"widget\" data-widget_type=\"text-editor.default\">\n\t\t\t\t<div class=\"elementor-widget-container\">\n\t\t\t\t\t\t\t\t\t<ul><li><span style=\"text-decoration: underline;\">Zumba<\/span><\/li><li>\u00a0<\/li><li>Zumba\u00ae Fitness<\/li><li>Zumba\u00ae Toning<\/li><li>Zumba Gold\u00ae<\/li><li>Zumba Gold-Toning\u00ae<\/li><li>&#8230;und mehr, siehe Trainerseite:<\/li><\/ul>\t\t\t\t\t\t\t\t<\/div>\n\t\t\t\t<\/div>\n\t\t\t\t<div class=\"elementor-element elementor-element-230175a elementor-widget elementor-widget-button\" data-id=\"230175a\" data-element_type=\"widget\" data-widget_type=\"button.default\">\n\t\t\t\t<div class=\"elementor-widget-container\">\n\t\t\t\t\t\t\t\t\t<div class=\"elementor-button-wrapper\">\n\t\t\t\t\t<a class=\"elementor-button elementor-button-link elementor-size-sm\" href=\"https:\/\/www.zumba.com\/de-DE\/profile\/andreas-goetz\/398138\">\n\t\t\t\t\t\t<span class=\"elementor-button-content-wrapper\">\n\t\t\t\t\t\t\t\t\t<span class=\"elementor-button-text\">ZIN Home<\/span>\n\t\t\t\t\t<\/span>\n\t\t\t\t\t<\/a>\n\t\t\t\t<\/div>\n\t\t\t\t\t\t\t\t<\/div>\n\t\t\t\t<\/div>\n\t\t\t\t\t<\/div>\n\t\t<\/div>\n\t\t\t\t\t<\/div>\n\t\t<\/section>\n\t\t\t\t<\/div>\n\t\t","protected":false},"excerpt":{"rendered":"<p>Hi, mein Name ist Andreas G\u00f6tz, oder einfach &#8222;Andi&#8220;. Seit meiner Kindheit bin ich stets ambitioniert und leistungsorientiert im Sport aktiv. Im Jahr 1999 hat mich dann das Breakdance-Fieber gepackt und seitdem ist das Tanzen ein wichtiger Bestandteil meines Lebens und hat dieses entscheidend gepr\u00e4gt. Unz\u00e4hlige Auftritte und Wettbewerbe (&#8222;Battles&#8220;) im europ\u00e4ischen Raum waren Teil [&hellip;]<\/p>\n","protected":false},"author":1,"featured_media":421,"parent":0,"menu_order":0,"comment_status":"closed","ping_status":"closed","template":"","meta":{"footnotes":""},"yoast_head":"<!-- This site is optimized with the Yoast SEO plugin v22.7 - https:\/\/yoast.com\/wordpress\/plugins\/seo\/ -->\n<title>Andreas G\u00f6tz - DanceFit mit Andi<\/title>\n<meta name=\"robots\" content=\"index, follow, max-snippet:-1, max-image-preview:large, max-video-preview:-1\" \/>\n<link rel=\"canonical\" href=\"https:\/\/dancefit-andi.de\/?page_id=898\" \/>\n<meta property=\"og:locale\" content=\"de_DE\" \/>\n<meta property=\"og:type\" content=\"article\" \/>\n<meta property=\"og:title\" content=\"Andreas G\u00f6tz - DanceFit mit Andi\" \/>\n<meta property=\"og:description\" content=\"Hi, mein Name ist Andreas G\u00f6tz, oder einfach &#8222;Andi&#8220;. Seit meiner Kindheit bin ich stets ambitioniert und leistungsorientiert im Sport aktiv. Im Jahr 1999 hat mich dann das Breakdance-Fieber gepackt und seitdem ist das Tanzen ein wichtiger Bestandteil meines Lebens und hat dieses entscheidend gepr\u00e4gt. Unz\u00e4hlige Auftritte und Wettbewerbe (&#8222;Battles&#8220;) im europ\u00e4ischen Raum waren Teil [&hellip;]\" \/>\n<meta property=\"og:url\" content=\"https:\/\/dancefit-andi.de\/?page_id=898\" \/>\n<meta property=\"og:site_name\" content=\"DanceFit mit Andi\" \/>\n<meta property=\"article:modified_time\" content=\"2019-08-27T14:45:54+00:00\" \/>\n<meta property=\"og:image\" content=\"https:\/\/dancefit-andi.de\/wp-content\/uploads\/2016\/10\/img_25874136-e1566916783588.jpg\" \/>\n\t<meta property=\"og:image:width\" content=\"833\" \/>\n\t<meta property=\"og:image:height\" content=\"220\" \/>\n\t<meta property=\"og:image:type\" content=\"image\/jpeg\" \/>\n<meta name=\"twitter:card\" content=\"summary_large_image\" \/>\n<meta name=\"twitter:label1\" content=\"Gesch\u00e4tzte Lesezeit\" \/>\n\t<meta name=\"twitter:data1\" content=\"1\u00a0Minute\" \/>\n<script type=\"application\/ld+json\" class=\"yoast-schema-graph\">{\"@context\":\"https:\/\/schema.org\",\"@graph\":[{\"@type\":\"WebPage\",\"@id\":\"https:\/\/dancefit-andi.de\/?page_id=898\",\"url\":\"https:\/\/dancefit-andi.de\/?page_id=898\",\"name\":\"Andreas G\u00f6tz - DanceFit mit Andi\",\"isPartOf\":{\"@id\":\"https:\/\/dancefit-andi.de\/#website\"},\"primaryImageOfPage\":{\"@id\":\"https:\/\/dancefit-andi.de\/?page_id=898#primaryimage\"},\"image\":{\"@id\":\"https:\/\/dancefit-andi.de\/?page_id=898#primaryimage\"},\"thumbnailUrl\":\"https:\/\/dancefit-andi.de\/wp-content\/uploads\/2016\/10\/img_25874136-e1566916783588.jpg\",\"datePublished\":\"2019-08-27T13:28:24+00:00\",\"dateModified\":\"2019-08-27T14:45:54+00:00\",\"breadcrumb\":{\"@id\":\"https:\/\/dancefit-andi.de\/?page_id=898#breadcrumb\"},\"inLanguage\":\"de\",\"potentialAction\":[{\"@type\":\"ReadAction\",\"target\":[\"https:\/\/dancefit-andi.de\/?page_id=898\"]}]},{\"@type\":\"ImageObject\",\"inLanguage\":\"de\",\"@id\":\"https:\/\/dancefit-andi.de\/?page_id=898#primaryimage\",\"url\":\"https:\/\/dancefit-andi.de\/wp-content\/uploads\/2016\/10\/img_25874136-e1566916783588.jpg\",\"contentUrl\":\"https:\/\/dancefit-andi.de\/wp-content\/uploads\/2016\/10\/img_25874136-e1566916783588.jpg\",\"width\":833,\"height\":220},{\"@type\":\"BreadcrumbList\",\"@id\":\"https:\/\/dancefit-andi.de\/?page_id=898#breadcrumb\",\"itemListElement\":[{\"@type\":\"ListItem\",\"position\":1,\"name\":\"Startseite\",\"item\":\"https:\/\/dancefit-andi.de\/\"},{\"@type\":\"ListItem\",\"position\":2,\"name\":\"Andreas G\u00f6tz\"}]},{\"@type\":\"WebSite\",\"@id\":\"https:\/\/dancefit-andi.de\/#website\",\"url\":\"https:\/\/dancefit-andi.de\/\",\"name\":\"Tanz, Fitness & Zumba mit Andi\",\"description\":\"Tanzen Fitness Zumba\",\"publisher\":{\"@id\":\"https:\/\/dancefit-andi.de\/#\/schema\/person\/986c47a3347b5c1137399433b7169ebc\"},\"potentialAction\":[{\"@type\":\"SearchAction\",\"target\":{\"@type\":\"EntryPoint\",\"urlTemplate\":\"https:\/\/dancefit-andi.de\/?s={search_term_string}\"},\"query-input\":\"required name=search_term_string\"}],\"inLanguage\":\"de\"},{\"@type\":[\"Person\",\"Organization\"],\"@id\":\"https:\/\/dancefit-andi.de\/#\/schema\/person\/986c47a3347b5c1137399433b7169ebc\",\"name\":\"andig\",\"image\":{\"@type\":\"ImageObject\",\"inLanguage\":\"de\",\"@id\":\"https:\/\/dancefit-andi.de\/#\/schema\/person\/image\/\",\"url\":\"https:\/\/dancefit-andi.de\/wp-content\/uploads\/2019\/08\/cropped-DanceFit-mit-Andi.png\",\"contentUrl\":\"https:\/\/dancefit-andi.de\/wp-content\/uploads\/2019\/08\/cropped-DanceFit-mit-Andi.png\",\"width\":500,\"height\":142,\"caption\":\"andig\"},\"logo\":{\"@id\":\"https:\/\/dancefit-andi.de\/#\/schema\/person\/image\/\"}}]}<\/script>\n<!-- \/ Yoast SEO plugin. -->","yoast_head_json":{"title":"Andreas G\u00f6tz - DanceFit mit Andi","robots":{"index":"index","follow":"follow","max-snippet":"max-snippet:-1","max-image-preview":"max-image-preview:large","max-video-preview":"max-video-preview:-1"},"canonical":"https:\/\/dancefit-andi.de\/?page_id=898","og_locale":"de_DE","og_type":"article","og_title":"Andreas G\u00f6tz - DanceFit mit Andi","og_description":"Hi, mein Name ist Andreas G\u00f6tz, oder einfach &#8222;Andi&#8220;. Seit meiner Kindheit bin ich stets ambitioniert und leistungsorientiert im Sport aktiv. Im Jahr 1999 hat mich dann das Breakdance-Fieber gepackt und seitdem ist das Tanzen ein wichtiger Bestandteil meines Lebens und hat dieses entscheidend gepr\u00e4gt. Unz\u00e4hlige Auftritte und Wettbewerbe (&#8222;Battles&#8220;) im europ\u00e4ischen Raum waren Teil [&hellip;]","og_url":"https:\/\/dancefit-andi.de\/?page_id=898","og_site_name":"DanceFit mit Andi","article_modified_time":"2019-08-27T14:45:54+00:00","og_image":[{"width":833,"height":220,"url":"https:\/\/dancefit-andi.de\/wp-content\/uploads\/2016\/10\/img_25874136-e1566916783588.jpg","type":"image\/jpeg"}],"twitter_card":"summary_large_image","twitter_misc":{"Gesch\u00e4tzte Lesezeit":"1\u00a0Minute"},"schema":{"@context":"https:\/\/schema.org","@graph":[{"@type":"WebPage","@id":"https:\/\/dancefit-andi.de\/?page_id=898","url":"https:\/\/dancefit-andi.de\/?page_id=898","name":"Andreas G\u00f6tz - DanceFit mit Andi","isPartOf":{"@id":"https:\/\/dancefit-andi.de\/#website"},"primaryImageOfPage":{"@id":"https:\/\/dancefit-andi.de\/?page_id=898#primaryimage"},"image":{"@id":"https:\/\/dancefit-andi.de\/?page_id=898#primaryimage"},"thumbnailUrl":"https:\/\/dancefit-andi.de\/wp-content\/uploads\/2016\/10\/img_25874136-e1566916783588.jpg","datePublished":"2019-08-27T13:28:24+00:00","dateModified":"2019-08-27T14:45:54+00:00","breadcrumb":{"@id":"https:\/\/dancefit-andi.de\/?page_id=898#breadcrumb"},"inLanguage":"de","potentialAction":[{"@type":"ReadAction","target":["https:\/\/dancefit-andi.de\/?page_id=898"]}]},{"@type":"ImageObject","inLanguage":"de","@id":"https:\/\/dancefit-andi.de\/?page_id=898#primaryimage","url":"https:\/\/dancefit-andi.de\/wp-content\/uploads\/2016\/10\/img_25874136-e1566916783588.jpg","contentUrl":"https:\/\/dancefit-andi.de\/wp-content\/uploads\/2016\/10\/img_25874136-e1566916783588.jpg","width":833,"height":220},{"@type":"BreadcrumbList","@id":"https:\/\/dancefit-andi.de\/?page_id=898#breadcrumb","itemListElement":[{"@type":"ListItem","position":1,"name":"Startseite","item":"https:\/\/dancefit-andi.de\/"},{"@type":"ListItem","position":2,"name":"Andreas G\u00f6tz"}]},{"@type":"WebSite","@id":"https:\/\/dancefit-andi.de\/#website","url":"https:\/\/dancefit-andi.de\/","name":"Tanz, Fitness & Zumba mit Andi","description":"Tanzen Fitness Zumba","publisher":{"@id":"https:\/\/dancefit-andi.de\/#\/schema\/person\/986c47a3347b5c1137399433b7169ebc"},"potentialAction":[{"@type":"SearchAction","target":{"@type":"EntryPoint","urlTemplate":"https:\/\/dancefit-andi.de\/?s={search_term_string}"},"query-input":"required name=search_term_string"}],"inLanguage":"de"},{"@type":["Person","Organization"],"@id":"https:\/\/dancefit-andi.de\/#\/schema\/person\/986c47a3347b5c1137399433b7169ebc","name":"andig","image":{"@type":"ImageObject","inLanguage":"de","@id":"https:\/\/dancefit-andi.de\/#\/schema\/person\/image\/","url":"https:\/\/dancefit-andi.de\/wp-content\/uploads\/2019\/08\/cropped-DanceFit-mit-Andi.png","contentUrl":"https:\/\/dancefit-andi.de\/wp-content\/uploads\/2019\/08\/cropped-DanceFit-mit-Andi.png","width":500,"height":142,"caption":"andig"},"logo":{"@id":"https:\/\/dancefit-andi.de\/#\/schema\/person\/image\/"}}]}},"_links":{"self":[{"href":"https:\/\/dancefit-andi.de\/index.php?rest_route=\/wp\/v2\/pages\/898"}],"collection":[{"href":"https:\/\/dancefit-andi.de\/index.php?rest_route=\/wp\/v2\/pages"}],"about":[{"href":"https:\/\/dancefit-andi.de\/index.php?rest_route=\/wp\/v2\/types\/page"}],"author":[{"embeddable":true,"href":"https:\/\/dancefit-andi.de\/index.php?rest_route=\/wp\/v2\/users\/1"}],"replies":[{"embeddable":true,"href":"https:\/\/dancefit-andi.de\/index.php?rest_route=%2Fwp%2Fv2%2Fcomments&post=898"}],"version-history":[{"count":16,"href":"https:\/\/dancefit-andi.de\/index.php?rest_route=\/wp\/v2\/pages\/898\/revisions"}],"predecessor-version":[{"id":920,"href":"https:\/\/dancefit-andi.de\/index.php?rest_route=\/wp\/v2\/pages\/898\/revisions\/920"}],"wp:featuredmedia":[{"embeddable":true,"href":"https:\/\/dancefit-andi.de\/index.php?rest_route=\/wp\/v2\/media\/421"}],"wp:attachment":[{"href":"https:\/\/dancefit-andi.de\/index.php?rest_route=%2Fwp%2Fv2%2Fmedia&parent=898"}],"curies":[{"name":"wp","href":"https:\/\/api.w.org\/{rel}","templated":true}]}}