{"id":641,"date":"2019-08-23T17:40:20","date_gmt":"2019-08-23T17:40:20","guid":{"rendered":"https:\/\/dancefit-andi.de\/?page_id=641"},"modified":"2019-08-30T08:29:08","modified_gmt":"2019-08-30T08:29:08","slug":"breakdance-kurse-locations","status":"publish","type":"page","link":"https:\/\/dancefit-andi.de\/?page_id=641","title":{"rendered":"Breakdance Kurse &#038; Locations"},"content":{"rendered":"\t\t<div data-elementor-type=\"wp-post\" data-elementor-id=\"641\" class=\"elementor elementor-641\">\n\t\t\t\t\t\t<section class=\"elementor-section elementor-top-section elementor-element elementor-element-274d0f2 elementor-section-boxed elementor-section-height-default elementor-section-height-default\" data-id=\"274d0f2\" data-element_type=\"section\">\n\t\t\t\t\t\t<div class=\"elementor-container elementor-column-gap-default\">\n\t\t\t\t\t<div class=\"elementor-column elementor-col-100 elementor-top-column elementor-element elementor-element-7055890\" data-id=\"7055890\" data-element_type=\"column\">\n\t\t\t<div class=\"elementor-widget-wrap elementor-element-populated\">\n\t\t\t\t\t\t<div class=\"elementor-element elementor-element-d8a429f elementor-widget elementor-widget-text-editor\" data-id=\"d8a429f\" data-element_type=\"widget\" data-widget_type=\"text-editor.default\">\n\t\t\t\t<div class=\"elementor-widget-container\">\n\t\t\t\t\t\t\t\t\t<p>Hier findest du die Links zu den Locations, in welchen ich B-Boying unterrichte. Preise und Konditionen obliegen den Auftraggebern.<\/p>\t\t\t\t\t\t\t\t<\/div>\n\t\t\t\t<\/div>\n\t\t\t\t\t<\/div>\n\t\t<\/div>\n\t\t\t\t\t<\/div>\n\t\t<\/section>\n\t\t\t\t<section class=\"elementor-section elementor-top-section elementor-element elementor-element-b5a0731 elementor-section-boxed elementor-section-height-default elementor-section-height-default\" data-id=\"b5a0731\" data-element_type=\"section\">\n\t\t\t\t\t\t<div class=\"elementor-container elementor-column-gap-default\">\n\t\t\t\t\t<div class=\"elementor-column elementor-col-50 elementor-top-column elementor-element elementor-element-d347da1\" data-id=\"d347da1\" data-element_type=\"column\">\n\t\t\t<div class=\"elementor-widget-wrap elementor-element-populated\">\n\t\t\t\t\t\t<div class=\"elementor-element elementor-element-9befa19 elementor-widget elementor-widget-button\" data-id=\"9befa19\" data-element_type=\"widget\" data-widget_type=\"button.default\">\n\t\t\t\t<div class=\"elementor-widget-container\">\n\t\t\t\t\t\t\t\t\t<div class=\"elementor-button-wrapper\">\n\t\t\t\t\t<a class=\"elementor-button elementor-button-link elementor-size-sm\" href=\"https:\/\/neues-tanzen.de\/stundenplan\/\" target=\"_blank\">\n\t\t\t\t\t\t<span class=\"elementor-button-content-wrapper\">\n\t\t\t\t\t\t\t\t\t<span class=\"elementor-button-text\">Neues Tanzen<\/span>\n\t\t\t\t\t<\/span>\n\t\t\t\t\t<\/a>\n\t\t\t\t<\/div>\n\t\t\t\t\t\t\t\t<\/div>\n\t\t\t\t<\/div>\n\t\t\t\t<div class=\"elementor-element elementor-element-8f24562 elementor-widget elementor-widget-text-editor\" data-id=\"8f24562\" data-element_type=\"widget\" data-widget_type=\"text-editor.default\">\n\t\t\t\t<div class=\"elementor-widget-container\">\n\t\t\t\t\t\t\t\t\t<p>Starnberg<\/p><p>Mo ab 17 Uhr<\/p><p>Do ab 17 Uhr<\/p><p>Seit mehr als 10 Jahren bin ich dort schon t\u00e4tig und habe viele tolle Momente erlebt unter der Leitung von Kitty Hufnagel. Das Training findet immer in der Hirschangerhalle statt. Ein Highlight f\u00fcr die Kids sind gro\u00dfartigen Auff\u00fchrungen in der Schlo\u00dfberghalle<\/p>\t\t\t\t\t\t\t\t<\/div>\n\t\t\t\t<\/div>\n\t\t\t\t\t<\/div>\n\t\t<\/div>\n\t\t\t\t<div class=\"elementor-column elementor-col-50 elementor-top-column elementor-element elementor-element-9d556d3\" data-id=\"9d556d3\" data-element_type=\"column\">\n\t\t\t<div class=\"elementor-widget-wrap elementor-element-populated\">\n\t\t\t\t\t\t<div class=\"elementor-element elementor-element-2e78c20 elementor-widget elementor-widget-button\" data-id=\"2e78c20\" data-element_type=\"widget\" data-widget_type=\"button.default\">\n\t\t\t\t<div class=\"elementor-widget-container\">\n\t\t\t\t\t\t\t\t\t<div class=\"elementor-button-wrapper\">\n\t\t\t\t\t<a class=\"elementor-button elementor-button-link elementor-size-sm\" href=\"https:\/\/www.devadanceschool.de\/stundenplan.html\" target=\"_blank\">\n\t\t\t\t\t\t<span class=\"elementor-button-content-wrapper\">\n\t\t\t\t\t\t\t\t\t<span class=\"elementor-button-text\">Deva Dance School<\/span>\n\t\t\t\t\t<\/span>\n\t\t\t\t\t<\/a>\n\t\t\t\t<\/div>\n\t\t\t\t\t\t\t\t<\/div>\n\t\t\t\t<\/div>\n\t\t\t\t<div class=\"elementor-element elementor-element-db26231 elementor-widget elementor-widget-text-editor\" data-id=\"db26231\" data-element_type=\"widget\" data-widget_type=\"text-editor.default\">\n\t\t\t\t<div class=\"elementor-widget-container\">\n\t\t\t\t\t\t\t\t\t<p>Gauting<\/p><p>Mi ab 16.15<\/p><p>Do 14:40<\/p><p>Auch hier bin ich seit \u00fcber 10 Jahren am Start unter der Leitung der wundervollen Deva K\u00e4mper. Die Auff\u00fchrungen im Stadttheater Bosco sind stets ein Spektakel sowohl f\u00fcr die Zuschauer als auch f\u00fcr die T\u00e4nzer.<\/p>\t\t\t\t\t\t\t\t<\/div>\n\t\t\t\t<\/div>\n\t\t\t\t\t<\/div>\n\t\t<\/div>\n\t\t\t\t\t<\/div>\n\t\t<\/section>\n\t\t\t\t<\/div>\n\t\t","protected":false},"excerpt":{"rendered":"<p>Hier findest du die Links zu den Locations, in welchen ich B-Boying unterrichte. Preise und Konditionen obliegen den Auftraggebern. Neues Tanzen Starnberg Mo ab 17 Uhr Do ab 17 Uhr Seit mehr als 10 Jahren bin ich dort schon t\u00e4tig und habe viele tolle Momente erlebt unter der Leitung von Kitty Hufnagel. Das Training findet [&hellip;]<\/p>\n","protected":false},"author":1,"featured_media":43,"parent":0,"menu_order":0,"comment_status":"closed","ping_status":"closed","template":"","meta":{"footnotes":""},"yoast_head":"<!-- This site is optimized with the Yoast SEO plugin v22.7 - https:\/\/yoast.com\/wordpress\/plugins\/seo\/ -->\n<title>Breakdance Kurse &amp; Locations - DanceFit mit Andi - Breakdance<\/title>\n<meta name=\"description\" content=\"Breakdance Kurse mit B-Boy Andi in Starnberg bei Neues Tanzen und Gauting bei der Deva Dance School\" \/>\n<meta name=\"robots\" content=\"index, follow, max-snippet:-1, max-image-preview:large, max-video-preview:-1\" \/>\n<link rel=\"canonical\" href=\"https:\/\/dancefit-andi.de\/?page_id=641\" \/>\n<meta property=\"og:locale\" content=\"de_DE\" \/>\n<meta property=\"og:type\" content=\"article\" \/>\n<meta property=\"og:title\" content=\"Breakdance Kurse &amp; Locations - DanceFit mit Andi - Breakdance\" \/>\n<meta property=\"og:description\" content=\"Breakdance Kurse mit B-Boy Andi in Starnberg bei Neues Tanzen und Gauting bei der Deva Dance School\" \/>\n<meta property=\"og:url\" content=\"https:\/\/dancefit-andi.de\/?page_id=641\" \/>\n<meta property=\"og:site_name\" content=\"DanceFit mit Andi\" \/>\n<meta property=\"article:modified_time\" content=\"2019-08-30T08:29:08+00:00\" \/>\n<meta property=\"og:image\" content=\"https:\/\/dancefit-andi.de\/wp-content\/uploads\/2019\/08\/header.jpg\" \/>\n\t<meta property=\"og:image:width\" content=\"960\" \/>\n\t<meta property=\"og:image:height\" content=\"301\" \/>\n\t<meta property=\"og:image:type\" content=\"image\/jpeg\" \/>\n<meta name=\"twitter:card\" content=\"summary_large_image\" \/>\n<meta name=\"twitter:label1\" content=\"Gesch\u00e4tzte Lesezeit\" \/>\n\t<meta name=\"twitter:data1\" content=\"1\u00a0Minute\" \/>\n<script type=\"application\/ld+json\" class=\"yoast-schema-graph\">{\"@context\":\"https:\/\/schema.org\",\"@graph\":[{\"@type\":\"WebPage\",\"@id\":\"https:\/\/dancefit-andi.de\/?page_id=641\",\"url\":\"https:\/\/dancefit-andi.de\/?page_id=641\",\"name\":\"Breakdance Kurse & Locations - DanceFit mit Andi - Breakdance\",\"isPartOf\":{\"@id\":\"https:\/\/dancefit-andi.de\/#website\"},\"primaryImageOfPage\":{\"@id\":\"https:\/\/dancefit-andi.de\/?page_id=641#primaryimage\"},\"image\":{\"@id\":\"https:\/\/dancefit-andi.de\/?page_id=641#primaryimage\"},\"thumbnailUrl\":\"https:\/\/dancefit-andi.de\/wp-content\/uploads\/2019\/08\/header.jpg\",\"datePublished\":\"2019-08-23T17:40:20+00:00\",\"dateModified\":\"2019-08-30T08:29:08+00:00\",\"description\":\"Breakdance Kurse mit B-Boy Andi in Starnberg bei Neues Tanzen und Gauting bei der Deva Dance School\",\"breadcrumb\":{\"@id\":\"https:\/\/dancefit-andi.de\/?page_id=641#breadcrumb\"},\"inLanguage\":\"de\",\"potentialAction\":[{\"@type\":\"ReadAction\",\"target\":[\"https:\/\/dancefit-andi.de\/?page_id=641\"]}]},{\"@type\":\"ImageObject\",\"inLanguage\":\"de\",\"@id\":\"https:\/\/dancefit-andi.de\/?page_id=641#primaryimage\",\"url\":\"https:\/\/dancefit-andi.de\/wp-content\/uploads\/2019\/08\/header.jpg\",\"contentUrl\":\"https:\/\/dancefit-andi.de\/wp-content\/uploads\/2019\/08\/header.jpg\",\"width\":960,\"height\":301},{\"@type\":\"BreadcrumbList\",\"@id\":\"https:\/\/dancefit-andi.de\/?page_id=641#breadcrumb\",\"itemListElement\":[{\"@type\":\"ListItem\",\"position\":1,\"name\":\"Startseite\",\"item\":\"https:\/\/dancefit-andi.de\/\"},{\"@type\":\"ListItem\",\"position\":2,\"name\":\"Breakdance Kurse &#038; Locations\"}]},{\"@type\":\"WebSite\",\"@id\":\"https:\/\/dancefit-andi.de\/#website\",\"url\":\"https:\/\/dancefit-andi.de\/\",\"name\":\"Tanz, Fitness & Zumba mit Andi\",\"description\":\"Tanzen Fitness Zumba\",\"publisher\":{\"@id\":\"https:\/\/dancefit-andi.de\/#\/schema\/person\/986c47a3347b5c1137399433b7169ebc\"},\"potentialAction\":[{\"@type\":\"SearchAction\",\"target\":{\"@type\":\"EntryPoint\",\"urlTemplate\":\"https:\/\/dancefit-andi.de\/?s={search_term_string}\"},\"query-input\":\"required name=search_term_string\"}],\"inLanguage\":\"de\"},{\"@type\":[\"Person\",\"Organization\"],\"@id\":\"https:\/\/dancefit-andi.de\/#\/schema\/person\/986c47a3347b5c1137399433b7169ebc\",\"name\":\"andig\",\"image\":{\"@type\":\"ImageObject\",\"inLanguage\":\"de\",\"@id\":\"https:\/\/dancefit-andi.de\/#\/schema\/person\/image\/\",\"url\":\"https:\/\/dancefit-andi.de\/wp-content\/uploads\/2019\/08\/cropped-DanceFit-mit-Andi.png\",\"contentUrl\":\"https:\/\/dancefit-andi.de\/wp-content\/uploads\/2019\/08\/cropped-DanceFit-mit-Andi.png\",\"width\":500,\"height\":142,\"caption\":\"andig\"},\"logo\":{\"@id\":\"https:\/\/dancefit-andi.de\/#\/schema\/person\/image\/\"}}]}<\/script>\n<!-- \/ Yoast SEO plugin. -->","yoast_head_json":{"title":"Breakdance Kurse & Locations - DanceFit mit Andi - Breakdance","description":"Breakdance Kurse mit B-Boy Andi in Starnberg bei Neues Tanzen und Gauting bei der Deva Dance School","robots":{"index":"index","follow":"follow","max-snippet":"max-snippet:-1","max-image-preview":"max-image-preview:large","max-video-preview":"max-video-preview:-1"},"canonical":"https:\/\/dancefit-andi.de\/?page_id=641","og_locale":"de_DE","og_type":"article","og_title":"Breakdance Kurse & Locations - DanceFit mit Andi - Breakdance","og_description":"Breakdance Kurse mit B-Boy Andi in Starnberg bei Neues Tanzen und Gauting bei der Deva Dance School","og_url":"https:\/\/dancefit-andi.de\/?page_id=641","og_site_name":"DanceFit mit Andi","article_modified_time":"2019-08-30T08:29:08+00:00","og_image":[{"width":960,"height":301,"url":"https:\/\/dancefit-andi.de\/wp-content\/uploads\/2019\/08\/header.jpg","type":"image\/jpeg"}],"twitter_card":"summary_large_image","twitter_misc":{"Gesch\u00e4tzte Lesezeit":"1\u00a0Minute"},"schema":{"@context":"https:\/\/schema.org","@graph":[{"@type":"WebPage","@id":"https:\/\/dancefit-andi.de\/?page_id=641","url":"https:\/\/dancefit-andi.de\/?page_id=641","name":"Breakdance Kurse & Locations - DanceFit mit Andi - Breakdance","isPartOf":{"@id":"https:\/\/dancefit-andi.de\/#website"},"primaryImageOfPage":{"@id":"https:\/\/dancefit-andi.de\/?page_id=641#primaryimage"},"image":{"@id":"https:\/\/dancefit-andi.de\/?page_id=641#primaryimage"},"thumbnailUrl":"https:\/\/dancefit-andi.de\/wp-content\/uploads\/2019\/08\/header.jpg","datePublished":"2019-08-23T17:40:20+00:00","dateModified":"2019-08-30T08:29:08+00:00","description":"Breakdance Kurse mit B-Boy Andi in Starnberg bei Neues Tanzen und Gauting bei der Deva Dance School","breadcrumb":{"@id":"https:\/\/dancefit-andi.de\/?page_id=641#breadcrumb"},"inLanguage":"de","potentialAction":[{"@type":"ReadAction","target":["https:\/\/dancefit-andi.de\/?page_id=641"]}]},{"@type":"ImageObject","inLanguage":"de","@id":"https:\/\/dancefit-andi.de\/?page_id=641#primaryimage","url":"https:\/\/dancefit-andi.de\/wp-content\/uploads\/2019\/08\/header.jpg","contentUrl":"https:\/\/dancefit-andi.de\/wp-content\/uploads\/2019\/08\/header.jpg","width":960,"height":301},{"@type":"BreadcrumbList","@id":"https:\/\/dancefit-andi.de\/?page_id=641#breadcrumb","itemListElement":[{"@type":"ListItem","position":1,"name":"Startseite","item":"https:\/\/dancefit-andi.de\/"},{"@type":"ListItem","position":2,"name":"Breakdance Kurse &#038; Locations"}]},{"@type":"WebSite","@id":"https:\/\/dancefit-andi.de\/#website","url":"https:\/\/dancefit-andi.de\/","name":"Tanz, Fitness & Zumba mit Andi","description":"Tanzen Fitness Zumba","publisher":{"@id":"https:\/\/dancefit-andi.de\/#\/schema\/person\/986c47a3347b5c1137399433b7169ebc"},"potentialAction":[{"@type":"SearchAction","target":{"@type":"EntryPoint","urlTemplate":"https:\/\/dancefit-andi.de\/?s={search_term_string}"},"query-input":"required name=search_term_string"}],"inLanguage":"de"},{"@type":["Person","Organization"],"@id":"https:\/\/dancefit-andi.de\/#\/schema\/person\/986c47a3347b5c1137399433b7169ebc","name":"andig","image":{"@type":"ImageObject","inLanguage":"de","@id":"https:\/\/dancefit-andi.de\/#\/schema\/person\/image\/","url":"https:\/\/dancefit-andi.de\/wp-content\/uploads\/2019\/08\/cropped-DanceFit-mit-Andi.png","contentUrl":"https:\/\/dancefit-andi.de\/wp-content\/uploads\/2019\/08\/cropped-DanceFit-mit-Andi.png","width":500,"height":142,"caption":"andig"},"logo":{"@id":"https:\/\/dancefit-andi.de\/#\/schema\/person\/image\/"}}]}},"_links":{"self":[{"href":"https:\/\/dancefit-andi.de\/index.php?rest_route=\/wp\/v2\/pages\/641"}],"collection":[{"href":"https:\/\/dancefit-andi.de\/index.php?rest_route=\/wp\/v2\/pages"}],"about":[{"href":"https:\/\/dancefit-andi.de\/index.php?rest_route=\/wp\/v2\/types\/page"}],"author":[{"embeddable":true,"href":"https:\/\/dancefit-andi.de\/index.php?rest_route=\/wp\/v2\/users\/1"}],"replies":[{"embeddable":true,"href":"https:\/\/dancefit-andi.de\/index.php?rest_route=%2Fwp%2Fv2%2Fcomments&post=641"}],"version-history":[{"count":19,"href":"https:\/\/dancefit-andi.de\/index.php?rest_route=\/wp\/v2\/pages\/641\/revisions"}],"predecessor-version":[{"id":932,"href":"https:\/\/dancefit-andi.de\/index.php?rest_route=\/wp\/v2\/pages\/641\/revisions\/932"}],"wp:featuredmedia":[{"embeddable":true,"href":"https:\/\/dancefit-andi.de\/index.php?rest_route=\/wp\/v2\/media\/43"}],"wp:attachment":[{"href":"https:\/\/dancefit-andi.de\/index.php?rest_route=%2Fwp%2Fv2%2Fmedia&parent=641"}],"curies":[{"name":"wp","href":"https:\/\/api.w.org\/{rel}","templated":true}]}}