{"id":621,"date":"2019-08-23T18:29:27","date_gmt":"2019-08-23T18:29:27","guid":{"rendered":"https:\/\/dancefit-andi.de\/?page_id=621"},"modified":"2021-08-06T11:58:57","modified_gmt":"2021-08-06T11:58:57","slug":"zumba-preise","status":"publish","type":"page","link":"https:\/\/dancefit-andi.de\/?page_id=621","title":{"rendered":"Zumba Preise &#038; Ort"},"content":{"rendered":"\t\t<div data-elementor-type=\"wp-post\" data-elementor-id=\"621\" class=\"elementor elementor-621\">\n\t\t\t\t\t\t<section class=\"elementor-section elementor-top-section elementor-element elementor-element-4d17314 elementor-section-boxed elementor-section-height-default elementor-section-height-default\" data-id=\"4d17314\" data-element_type=\"section\" data-settings=\"{&quot;background_background&quot;:&quot;classic&quot;}\">\n\t\t\t\t\t\t<div class=\"elementor-container elementor-column-gap-default\">\n\t\t\t\t\t<div class=\"elementor-column elementor-col-33 elementor-top-column elementor-element elementor-element-9dce513\" data-id=\"9dce513\" data-element_type=\"column\">\n\t\t\t<div class=\"elementor-widget-wrap elementor-element-populated\">\n\t\t\t\t\t\t<div class=\"elementor-element elementor-element-b92cd84 elementor-invisible elementor-widget elementor-widget-text-editor\" data-id=\"b92cd84\" data-element_type=\"widget\" data-settings=\"{&quot;_animation&quot;:&quot;fadeInLeft&quot;}\" data-widget_type=\"text-editor.default\">\n\t\t\t\t<div class=\"elementor-widget-container\">\n\t\t\t\t\t\t\t\t\t<p>10er-Karte<\/p><p>69 \u20ac<\/p><ul><li><b><img fetchpriority=\"high\" decoding=\"async\" class=\"alignnone size-medium wp-image-631\" src=\"https:\/\/dancefit-andi.de\/wp-content\/uploads\/2019\/08\/Punchcard-PDF-Home_page-0001-212x300.jpg\" alt=\"\" width=\"212\" height=\"300\" srcset=\"https:\/\/dancefit-andi.de\/wp-content\/uploads\/2019\/08\/Punchcard-PDF-Home_page-0001-212x300.jpg 212w, https:\/\/dancefit-andi.de\/wp-content\/uploads\/2019\/08\/Punchcard-PDF-Home_page-0001-768x1087.jpg 768w, https:\/\/dancefit-andi.de\/wp-content\/uploads\/2019\/08\/Punchcard-PDF-Home_page-0001-724x1024.jpg 724w, https:\/\/dancefit-andi.de\/wp-content\/uploads\/2019\/08\/Punchcard-PDF-Home_page-0001.jpg 1240w\" sizes=\"(max-width: 212px) 100vw, 212px\" \/><\/b><\/li><\/ul>\t\t\t\t\t\t\t\t<\/div>\n\t\t\t\t<\/div>\n\t\t\t\t<div class=\"elementor-element elementor-element-e2f8fcf elementor-widget__width-initial elementor-invisible elementor-widget elementor-widget-toggle\" data-id=\"e2f8fcf\" data-element_type=\"widget\" data-settings=\"{&quot;_animation&quot;:&quot;bounceIn&quot;}\" data-widget_type=\"toggle.default\">\n\t\t\t\t<div class=\"elementor-widget-container\">\n\t\t\t\t\t\t\t<div class=\"elementor-toggle\">\n\t\t\t\t\t\t\t<div class=\"elementor-toggle-item\">\n\t\t\t\t\t<div id=\"elementor-tab-title-2371\" class=\"elementor-tab-title\" data-tab=\"1\" role=\"button\" aria-controls=\"elementor-tab-content-2371\" aria-expanded=\"false\">\n\t\t\t\t\t\t\t\t\t\t\t\t<span class=\"elementor-toggle-icon elementor-toggle-icon-left\" aria-hidden=\"true\">\n\t\t\t\t\t\t\t\t\t\t\t\t\t\t\t<span class=\"elementor-toggle-icon-closed\"><i class=\"far fa-surprise\"><\/i><\/span>\n\t\t\t\t\t\t\t\t<span class=\"elementor-toggle-icon-opened\"><i class=\"elementor-toggle-icon-opened far fa-smile-wink\"><\/i><\/span>\n\t\t\t\t\t\t\t\t\t\t\t\t\t<\/span>\n\t\t\t\t\t\t\t\t\t\t\t\t<a class=\"elementor-toggle-title\" tabindex=\"0\">Flei\u00dfig? Klick hier...<\/a>\n\t\t\t\t\t<\/div>\n\n\t\t\t\t\t<div id=\"elementor-tab-content-2371\" class=\"elementor-tab-content elementor-clearfix\" data-tab=\"1\" role=\"region\" aria-labelledby=\"elementor-tab-title-2371\"><p>Flei\u00dfige Zumbienchen erhalten bei Vorlage von 5 auf den eigenen Namen ausgestellten 10er-Karten die n\u00e4chste Karte f\u00fcr 59 \u20ac!!!<\/p><\/div>\n\t\t\t\t<\/div>\n\t\t\t\t\t\t\t\t<\/div>\n\t\t\t\t\t\t<\/div>\n\t\t\t\t<\/div>\n\t\t\t\t\t<\/div>\n\t\t<\/div>\n\t\t\t\t<div class=\"elementor-column elementor-col-33 elementor-top-column elementor-element elementor-element-ff2871e\" data-id=\"ff2871e\" data-element_type=\"column\">\n\t\t\t<div class=\"elementor-widget-wrap elementor-element-populated\">\n\t\t\t\t\t\t<div class=\"elementor-element elementor-element-cbacb44 elementor-invisible elementor-widget elementor-widget-text-editor\" data-id=\"cbacb44\" data-element_type=\"widget\" data-settings=\"{&quot;_animation&quot;:&quot;fadeInDown&quot;}\" data-widget_type=\"text-editor.default\">\n\t\t\t\t<div class=\"elementor-widget-container\">\n\t\t\t\t\t\t\t\t\t<p style=\"text-align: center;\">StudyCard 10er<\/p><p style=\"text-align: center;\">59 \u20ac<\/p><h5>F\u00fcr Sch\u00fcler und Studenten. Angebot gilt nur bei Vorlage eines aktuellen Immatrikulations-nachweises oder einer Schulbescheinigung!<\/h5><p><img decoding=\"async\" class=\"aligncenter wp-image-659 size-thumbnail\" src=\"https:\/\/dancefit-andi.de\/wp-content\/uploads\/2019\/08\/Studenten-Hut-150x150.png\" alt=\"\" width=\"150\" height=\"150\" srcset=\"https:\/\/dancefit-andi.de\/wp-content\/uploads\/2019\/08\/Studenten-Hut-150x150.png 150w, https:\/\/dancefit-andi.de\/wp-content\/uploads\/2019\/08\/Studenten-Hut-300x300.png 300w, https:\/\/dancefit-andi.de\/wp-content\/uploads\/2019\/08\/Studenten-Hut.png 512w\" sizes=\"(max-width: 150px) 100vw, 150px\" \/><\/p>\t\t\t\t\t\t\t\t<\/div>\n\t\t\t\t<\/div>\n\t\t\t\t\t<\/div>\n\t\t<\/div>\n\t\t\t\t<div class=\"elementor-column elementor-col-33 elementor-top-column elementor-element elementor-element-bb96e67\" data-id=\"bb96e67\" data-element_type=\"column\">\n\t\t\t<div class=\"elementor-widget-wrap elementor-element-populated\">\n\t\t\t\t\t\t<div class=\"elementor-element elementor-element-28363f4 elementor-invisible elementor-widget elementor-widget-text-editor\" data-id=\"28363f4\" data-element_type=\"widget\" data-settings=\"{&quot;_animation&quot;:&quot;fadeInRight&quot;}\" data-widget_type=\"text-editor.default\">\n\t\t\t\t<div class=\"elementor-widget-container\">\n\t\t\t\t\t\t\t\t\t<h1 style=\"text-align: center;\"><strong>Vertr\u00e4ge<\/strong><\/h1><p><img decoding=\"async\" class=\"alignnone wp-image-664\" src=\"https:\/\/dancefit-andi.de\/wp-content\/uploads\/2019\/08\/Vertrag-Icon-300x300.png\" alt=\"\" width=\"50\" height=\"50\" \/><\/p><h4 style=\"text-align: center;\">1 Std\/Woche = 25 \u20ac mtl.<\/h4><h4>\u00a02 Std\/Woche = 40 \u20ac mtl.<\/h4><p>\u00a0<\/p><p><span style=\"color: #ff0000;\">inkl. kostenlose Masterclasses!<\/span><\/p><h4>Laufzeit: 1 Jahr<\/h4><h4>1\/4-j\u00e4hrliche K\u00fcndigungsfrist<\/h4>\t\t\t\t\t\t\t\t<\/div>\n\t\t\t\t<\/div>\n\t\t\t\t\t<\/div>\n\t\t<\/div>\n\t\t\t\t\t<\/div>\n\t\t<\/section>\n\t\t\t\t<section class=\"elementor-section elementor-top-section elementor-element elementor-element-80de307 elementor-section-boxed elementor-section-height-default elementor-section-height-default\" data-id=\"80de307\" data-element_type=\"section\">\n\t\t\t\t\t\t<div class=\"elementor-container elementor-column-gap-default\">\n\t\t\t\t\t<div class=\"elementor-column elementor-col-50 elementor-top-column elementor-element elementor-element-4aa9413\" data-id=\"4aa9413\" data-element_type=\"column\">\n\t\t\t<div class=\"elementor-widget-wrap elementor-element-populated\">\n\t\t\t\t\t\t<div class=\"elementor-element elementor-element-cfab905 elementor-widget elementor-widget-text-editor\" data-id=\"cfab905\" data-element_type=\"widget\" data-widget_type=\"text-editor.default\">\n\t\t\t\t<div class=\"elementor-widget-container\">\n\t\t\t\t\t\t\t\t\t<p><strong><span style=\"text-decoration: underline;\">Kurszeiten ab 10.09.2019<br \/><\/span><\/strong><\/p><p>Di 19-20 Uhr Zumba Fitness<\/p><p>So 18-19 Uhr Zumba Fitness<\/p><p>An gesetzlichen Feiertagen und in den Weihnachtsferien finden keine Kurse statt<\/p><p><strong><span style=\"text-decoration: underline;\">Ort:<\/span><\/strong> Kempten,<a href=\"https:\/\/kempodium.de\/\" target=\"_blank\" rel=\"noopener\"> Kempodium<\/a><\/p>\t\t\t\t\t\t\t\t<\/div>\n\t\t\t\t<\/div>\n\t\t\t\t\t<\/div>\n\t\t<\/div>\n\t\t\t\t<div class=\"elementor-column elementor-col-50 elementor-top-column elementor-element elementor-element-5e230ca\" data-id=\"5e230ca\" data-element_type=\"column\">\n\t\t\t<div class=\"elementor-widget-wrap elementor-element-populated\">\n\t\t\t\t\t\t<div class=\"elementor-element elementor-element-13cdc58 elementor-widget elementor-widget-google_maps\" data-id=\"13cdc58\" data-element_type=\"widget\" data-widget_type=\"google_maps.default\">\n\t\t\t\t<div class=\"elementor-widget-container\">\n\t\t\t\t\t\t\t<div class=\"elementor-custom-embed\">\n\t\t\t<iframe loading=\"lazy\"\n\t\t\t\t\tsrc=\"https:\/\/maps.google.com\/maps?q=Kempodium&#038;t=m&#038;z=10&#038;output=embed&#038;iwloc=near\"\n\t\t\t\t\ttitle=\"Kempodium\"\n\t\t\t\t\taria-label=\"Kempodium\"\n\t\t\t><\/iframe>\n\t\t<\/div>\n\t\t\t\t\t\t<\/div>\n\t\t\t\t<\/div>\n\t\t\t\t\t<\/div>\n\t\t<\/div>\n\t\t\t\t\t<\/div>\n\t\t<\/section>\n\t\t\t\t<\/div>\n\t\t","protected":false},"excerpt":{"rendered":"<p>10er-Karte 69 \u20ac Flei\u00dfig? Klick hier&#8230; Flei\u00dfige Zumbienchen erhalten bei Vorlage von 5 auf den eigenen Namen ausgestellten 10er-Karten die n\u00e4chste Karte f\u00fcr 59 \u20ac!!! StudyCard 10er 59 \u20ac F\u00fcr Sch\u00fcler und Studenten. Angebot gilt nur bei Vorlage eines aktuellen Immatrikulations-nachweises oder einer Schulbescheinigung! Vertr\u00e4ge 1 Std\/Woche = 25 \u20ac mtl. \u00a02 Std\/Woche = 40 [&hellip;]<\/p>\n","protected":false},"author":1,"featured_media":878,"parent":0,"menu_order":0,"comment_status":"closed","ping_status":"closed","template":"","meta":{"footnotes":""},"yoast_head":"<!-- This site is optimized with the Yoast SEO plugin v22.7 - https:\/\/yoast.com\/wordpress\/plugins\/seo\/ -->\n<title>Zumba Preise &amp; Ort - DanceFit mit Andi<\/title>\n<meta name=\"robots\" content=\"index, follow, max-snippet:-1, max-image-preview:large, max-video-preview:-1\" \/>\n<link rel=\"canonical\" href=\"https:\/\/dancefit-andi.de\/?page_id=621\" \/>\n<meta property=\"og:locale\" content=\"de_DE\" \/>\n<meta property=\"og:type\" content=\"article\" \/>\n<meta property=\"og:title\" content=\"Zumba Preise &amp; Ort - DanceFit mit Andi\" \/>\n<meta property=\"og:description\" content=\"10er-Karte 69 \u20ac Flei\u00dfig? Klick hier&#8230; Flei\u00dfige Zumbienchen erhalten bei Vorlage von 5 auf den eigenen Namen ausgestellten 10er-Karten die n\u00e4chste Karte f\u00fcr 59 \u20ac!!! StudyCard 10er 59 \u20ac F\u00fcr Sch\u00fcler und Studenten. Angebot gilt nur bei Vorlage eines aktuellen Immatrikulations-nachweises oder einer Schulbescheinigung! Vertr\u00e4ge 1 Std\/Woche = 25 \u20ac mtl. \u00a02 Std\/Woche = 40 [&hellip;]\" \/>\n<meta property=\"og:url\" content=\"https:\/\/dancefit-andi.de\/?page_id=621\" \/>\n<meta property=\"og:site_name\" content=\"DanceFit mit Andi\" \/>\n<meta property=\"article:modified_time\" content=\"2021-08-06T11:58:57+00:00\" \/>\n<meta property=\"og:image\" content=\"https:\/\/dancefit-andi.de\/wp-content\/uploads\/2019\/08\/Background-Zumba-4-e1566901467376.jpg\" \/>\n\t<meta property=\"og:image:width\" content=\"1236\" \/>\n\t<meta property=\"og:image:height\" content=\"416\" \/>\n\t<meta property=\"og:image:type\" content=\"image\/jpeg\" \/>\n<meta name=\"twitter:card\" content=\"summary_large_image\" \/>\n<script type=\"application\/ld+json\" class=\"yoast-schema-graph\">{\"@context\":\"https:\/\/schema.org\",\"@graph\":[{\"@type\":\"WebPage\",\"@id\":\"https:\/\/dancefit-andi.de\/?page_id=621\",\"url\":\"https:\/\/dancefit-andi.de\/?page_id=621\",\"name\":\"Zumba Preise & Ort - DanceFit mit Andi\",\"isPartOf\":{\"@id\":\"https:\/\/dancefit-andi.de\/#website\"},\"primaryImageOfPage\":{\"@id\":\"https:\/\/dancefit-andi.de\/?page_id=621#primaryimage\"},\"image\":{\"@id\":\"https:\/\/dancefit-andi.de\/?page_id=621#primaryimage\"},\"thumbnailUrl\":\"https:\/\/dancefit-andi.de\/wp-content\/uploads\/2019\/08\/Background-Zumba-4-e1566901467376.jpg\",\"datePublished\":\"2019-08-23T18:29:27+00:00\",\"dateModified\":\"2021-08-06T11:58:57+00:00\",\"breadcrumb\":{\"@id\":\"https:\/\/dancefit-andi.de\/?page_id=621#breadcrumb\"},\"inLanguage\":\"de\",\"potentialAction\":[{\"@type\":\"ReadAction\",\"target\":[\"https:\/\/dancefit-andi.de\/?page_id=621\"]}]},{\"@type\":\"ImageObject\",\"inLanguage\":\"de\",\"@id\":\"https:\/\/dancefit-andi.de\/?page_id=621#primaryimage\",\"url\":\"https:\/\/dancefit-andi.de\/wp-content\/uploads\/2019\/08\/Background-Zumba-4-e1566901467376.jpg\",\"contentUrl\":\"https:\/\/dancefit-andi.de\/wp-content\/uploads\/2019\/08\/Background-Zumba-4-e1566901467376.jpg\",\"width\":1236,\"height\":416},{\"@type\":\"BreadcrumbList\",\"@id\":\"https:\/\/dancefit-andi.de\/?page_id=621#breadcrumb\",\"itemListElement\":[{\"@type\":\"ListItem\",\"position\":1,\"name\":\"Startseite\",\"item\":\"https:\/\/dancefit-andi.de\/\"},{\"@type\":\"ListItem\",\"position\":2,\"name\":\"Zumba Preise &#038; Ort\"}]},{\"@type\":\"WebSite\",\"@id\":\"https:\/\/dancefit-andi.de\/#website\",\"url\":\"https:\/\/dancefit-andi.de\/\",\"name\":\"Tanz, Fitness & Zumba mit Andi\",\"description\":\"Tanzen Fitness Zumba\",\"publisher\":{\"@id\":\"https:\/\/dancefit-andi.de\/#\/schema\/person\/986c47a3347b5c1137399433b7169ebc\"},\"potentialAction\":[{\"@type\":\"SearchAction\",\"target\":{\"@type\":\"EntryPoint\",\"urlTemplate\":\"https:\/\/dancefit-andi.de\/?s={search_term_string}\"},\"query-input\":\"required name=search_term_string\"}],\"inLanguage\":\"de\"},{\"@type\":[\"Person\",\"Organization\"],\"@id\":\"https:\/\/dancefit-andi.de\/#\/schema\/person\/986c47a3347b5c1137399433b7169ebc\",\"name\":\"andig\",\"image\":{\"@type\":\"ImageObject\",\"inLanguage\":\"de\",\"@id\":\"https:\/\/dancefit-andi.de\/#\/schema\/person\/image\/\",\"url\":\"https:\/\/dancefit-andi.de\/wp-content\/uploads\/2019\/08\/cropped-DanceFit-mit-Andi.png\",\"contentUrl\":\"https:\/\/dancefit-andi.de\/wp-content\/uploads\/2019\/08\/cropped-DanceFit-mit-Andi.png\",\"width\":500,\"height\":142,\"caption\":\"andig\"},\"logo\":{\"@id\":\"https:\/\/dancefit-andi.de\/#\/schema\/person\/image\/\"}}]}<\/script>\n<!-- \/ Yoast SEO plugin. -->","yoast_head_json":{"title":"Zumba Preise & Ort - DanceFit mit Andi","robots":{"index":"index","follow":"follow","max-snippet":"max-snippet:-1","max-image-preview":"max-image-preview:large","max-video-preview":"max-video-preview:-1"},"canonical":"https:\/\/dancefit-andi.de\/?page_id=621","og_locale":"de_DE","og_type":"article","og_title":"Zumba Preise & Ort - DanceFit mit Andi","og_description":"10er-Karte 69 \u20ac Flei\u00dfig? Klick hier&#8230; Flei\u00dfige Zumbienchen erhalten bei Vorlage von 5 auf den eigenen Namen ausgestellten 10er-Karten die n\u00e4chste Karte f\u00fcr 59 \u20ac!!! StudyCard 10er 59 \u20ac F\u00fcr Sch\u00fcler und Studenten. Angebot gilt nur bei Vorlage eines aktuellen Immatrikulations-nachweises oder einer Schulbescheinigung! Vertr\u00e4ge 1 Std\/Woche = 25 \u20ac mtl. \u00a02 Std\/Woche = 40 [&hellip;]","og_url":"https:\/\/dancefit-andi.de\/?page_id=621","og_site_name":"DanceFit mit Andi","article_modified_time":"2021-08-06T11:58:57+00:00","og_image":[{"width":1236,"height":416,"url":"https:\/\/dancefit-andi.de\/wp-content\/uploads\/2019\/08\/Background-Zumba-4-e1566901467376.jpg","type":"image\/jpeg"}],"twitter_card":"summary_large_image","schema":{"@context":"https:\/\/schema.org","@graph":[{"@type":"WebPage","@id":"https:\/\/dancefit-andi.de\/?page_id=621","url":"https:\/\/dancefit-andi.de\/?page_id=621","name":"Zumba Preise & Ort - DanceFit mit Andi","isPartOf":{"@id":"https:\/\/dancefit-andi.de\/#website"},"primaryImageOfPage":{"@id":"https:\/\/dancefit-andi.de\/?page_id=621#primaryimage"},"image":{"@id":"https:\/\/dancefit-andi.de\/?page_id=621#primaryimage"},"thumbnailUrl":"https:\/\/dancefit-andi.de\/wp-content\/uploads\/2019\/08\/Background-Zumba-4-e1566901467376.jpg","datePublished":"2019-08-23T18:29:27+00:00","dateModified":"2021-08-06T11:58:57+00:00","breadcrumb":{"@id":"https:\/\/dancefit-andi.de\/?page_id=621#breadcrumb"},"inLanguage":"de","potentialAction":[{"@type":"ReadAction","target":["https:\/\/dancefit-andi.de\/?page_id=621"]}]},{"@type":"ImageObject","inLanguage":"de","@id":"https:\/\/dancefit-andi.de\/?page_id=621#primaryimage","url":"https:\/\/dancefit-andi.de\/wp-content\/uploads\/2019\/08\/Background-Zumba-4-e1566901467376.jpg","contentUrl":"https:\/\/dancefit-andi.de\/wp-content\/uploads\/2019\/08\/Background-Zumba-4-e1566901467376.jpg","width":1236,"height":416},{"@type":"BreadcrumbList","@id":"https:\/\/dancefit-andi.de\/?page_id=621#breadcrumb","itemListElement":[{"@type":"ListItem","position":1,"name":"Startseite","item":"https:\/\/dancefit-andi.de\/"},{"@type":"ListItem","position":2,"name":"Zumba Preise &#038; Ort"}]},{"@type":"WebSite","@id":"https:\/\/dancefit-andi.de\/#website","url":"https:\/\/dancefit-andi.de\/","name":"Tanz, Fitness & Zumba mit Andi","description":"Tanzen Fitness Zumba","publisher":{"@id":"https:\/\/dancefit-andi.de\/#\/schema\/person\/986c47a3347b5c1137399433b7169ebc"},"potentialAction":[{"@type":"SearchAction","target":{"@type":"EntryPoint","urlTemplate":"https:\/\/dancefit-andi.de\/?s={search_term_string}"},"query-input":"required name=search_term_string"}],"inLanguage":"de"},{"@type":["Person","Organization"],"@id":"https:\/\/dancefit-andi.de\/#\/schema\/person\/986c47a3347b5c1137399433b7169ebc","name":"andig","image":{"@type":"ImageObject","inLanguage":"de","@id":"https:\/\/dancefit-andi.de\/#\/schema\/person\/image\/","url":"https:\/\/dancefit-andi.de\/wp-content\/uploads\/2019\/08\/cropped-DanceFit-mit-Andi.png","contentUrl":"https:\/\/dancefit-andi.de\/wp-content\/uploads\/2019\/08\/cropped-DanceFit-mit-Andi.png","width":500,"height":142,"caption":"andig"},"logo":{"@id":"https:\/\/dancefit-andi.de\/#\/schema\/person\/image\/"}}]}},"_links":{"self":[{"href":"https:\/\/dancefit-andi.de\/index.php?rest_route=\/wp\/v2\/pages\/621"}],"collection":[{"href":"https:\/\/dancefit-andi.de\/index.php?rest_route=\/wp\/v2\/pages"}],"about":[{"href":"https:\/\/dancefit-andi.de\/index.php?rest_route=\/wp\/v2\/types\/page"}],"author":[{"embeddable":true,"href":"https:\/\/dancefit-andi.de\/index.php?rest_route=\/wp\/v2\/users\/1"}],"replies":[{"embeddable":true,"href":"https:\/\/dancefit-andi.de\/index.php?rest_route=%2Fwp%2Fv2%2Fcomments&post=621"}],"version-history":[{"count":81,"href":"https:\/\/dancefit-andi.de\/index.php?rest_route=\/wp\/v2\/pages\/621\/revisions"}],"predecessor-version":[{"id":940,"href":"https:\/\/dancefit-andi.de\/index.php?rest_route=\/wp\/v2\/pages\/621\/revisions\/940"}],"wp:featuredmedia":[{"embeddable":true,"href":"https:\/\/dancefit-andi.de\/index.php?rest_route=\/wp\/v2\/media\/878"}],"wp:attachment":[{"href":"https:\/\/dancefit-andi.de\/index.php?rest_route=%2Fwp%2Fv2%2Fmedia&parent=621"}],"curies":[{"name":"wp","href":"https:\/\/api.w.org\/{rel}","templated":true}]}}