{"id":58,"date":"2019-08-20T07:28:51","date_gmt":"2019-08-20T07:28:51","guid":{"rendered":"https:\/\/dancefit-andi.de\/?page_id=58"},"modified":"2021-08-06T13:10:22","modified_gmt":"2021-08-06T13:10:22","slug":"personal-training","status":"publish","type":"page","link":"https:\/\/dancefit-andi.de\/?page_id=58","title":{"rendered":"Personal Training"},"content":{"rendered":"\t\t<div data-elementor-type=\"wp-post\" data-elementor-id=\"58\" class=\"elementor elementor-58\">\n\t\t\t\t\t\t<section class=\"elementor-section elementor-top-section elementor-element elementor-element-45e5ba6 elementor-section-boxed elementor-section-height-default elementor-section-height-default\" data-id=\"45e5ba6\" data-element_type=\"section\">\n\t\t\t\t\t\t<div class=\"elementor-container elementor-column-gap-default\">\n\t\t\t\t\t<div class=\"elementor-column elementor-col-100 elementor-top-column elementor-element elementor-element-17f51dd\" data-id=\"17f51dd\" data-element_type=\"column\">\n\t\t\t<div class=\"elementor-widget-wrap elementor-element-populated\">\n\t\t\t\t\t\t<div class=\"elementor-element elementor-element-a1a8b83 elementor-widget elementor-widget-heading\" data-id=\"a1a8b83\" data-element_type=\"widget\" data-widget_type=\"heading.default\">\n\t\t\t\t<div class=\"elementor-widget-container\">\n\t\t\t\t\t<h2 class=\"elementor-heading-title elementor-size-default\">Personal Training - das Training f\u00fcr mich!<\/h2>\t\t\t\t<\/div>\n\t\t\t\t<\/div>\n\t\t\t\t<div class=\"elementor-element elementor-element-6477c38 elementor-widget elementor-widget-text-editor\" data-id=\"6477c38\" data-element_type=\"widget\" data-widget_type=\"text-editor.default\">\n\t\t\t\t<div class=\"elementor-widget-container\">\n\t\t\t\t\t\t\t\t\t<div>Jeder Mensch ist einzigartig und unterscheidet sich in Bezug auf Anatomie, Ern\u00e4hrung und Willenskraft von den anderen. Was hat dies f\u00fcr Auswirkungen auf das Kraft-und Ausdauertraining?<\/div>\n<div>Da nicht jeder die gleiche Gr\u00f6\u00dfe, Muskelmasse, Beweglichkeit und Belastbarkeit besitzt, bietet es sich an, die Trainingsplanung auf individuelle Bed\u00fcrfnisse zuzuschneiden.<\/div>\t\t\t\t\t\t\t\t<\/div>\n\t\t\t\t<\/div>\n\t\t\t\t\t<\/div>\n\t\t<\/div>\n\t\t\t\t\t<\/div>\n\t\t<\/section>\n\t\t\t\t<section class=\"elementor-section elementor-top-section elementor-element elementor-element-9ae7fc5 elementor-section-boxed elementor-section-height-default elementor-section-height-default\" data-id=\"9ae7fc5\" data-element_type=\"section\">\n\t\t\t\t\t\t<div class=\"elementor-container elementor-column-gap-default\">\n\t\t\t\t\t<div class=\"elementor-column elementor-col-100 elementor-top-column elementor-element elementor-element-5f9c963\" data-id=\"5f9c963\" data-element_type=\"column\">\n\t\t\t<div class=\"elementor-widget-wrap elementor-element-populated\">\n\t\t\t\t\t\t<div class=\"elementor-element elementor-element-97a00d6 elementor-widget elementor-widget-image\" data-id=\"97a00d6\" data-element_type=\"widget\" data-widget_type=\"image.default\">\n\t\t\t\t<div class=\"elementor-widget-container\">\n\t\t\t\t\t\t\t\t\t\t\t\t\t\t\t<img decoding=\"async\" src=\"https:\/\/dancefit-andi.de\/wp-content\/uploads\/2021\/08\/K\u00f6rpertypen-WIKI.jpg\" title=\"K\u00f6rpertypen WIKI\" alt=\"K\u00f6rpertypen WIKI\" loading=\"lazy\" \/>\t\t\t\t\t\t\t\t\t\t\t\t\t\t\t<\/div>\n\t\t\t\t<\/div>\n\t\t\t\t\t<\/div>\n\t\t<\/div>\n\t\t\t\t\t<\/div>\n\t\t<\/section>\n\t\t\t\t<section class=\"elementor-section elementor-top-section elementor-element elementor-element-2bb6305 elementor-section-boxed elementor-section-height-default elementor-section-height-default\" data-id=\"2bb6305\" data-element_type=\"section\">\n\t\t\t\t\t\t<div class=\"elementor-container elementor-column-gap-default\">\n\t\t\t\t\t<div class=\"elementor-column elementor-col-100 elementor-top-column elementor-element elementor-element-eada41b\" data-id=\"eada41b\" data-element_type=\"column\">\n\t\t\t<div class=\"elementor-widget-wrap elementor-element-populated\">\n\t\t\t\t\t\t\t<\/div>\n\t\t<\/div>\n\t\t\t\t\t<\/div>\n\t\t<\/section>\n\t\t\t\t<section class=\"elementor-section elementor-top-section elementor-element elementor-element-1aa97d8 elementor-section-boxed elementor-section-height-default elementor-section-height-default\" data-id=\"1aa97d8\" data-element_type=\"section\">\n\t\t\t\t\t\t<div class=\"elementor-container elementor-column-gap-default\">\n\t\t\t\t\t<div class=\"elementor-column elementor-col-100 elementor-top-column elementor-element elementor-element-b1e8c82\" data-id=\"b1e8c82\" data-element_type=\"column\">\n\t\t\t<div class=\"elementor-widget-wrap elementor-element-populated\">\n\t\t\t\t\t\t<div class=\"elementor-element elementor-element-99819b6 elementor-widget elementor-widget-heading\" data-id=\"99819b6\" data-element_type=\"widget\" data-widget_type=\"heading.default\">\n\t\t\t\t<div class=\"elementor-widget-container\">\n\t\t\t\t\t<h2 class=\"elementor-heading-title elementor-size-default\">Was erwartet Dich?<\/h2>\t\t\t\t<\/div>\n\t\t\t\t<\/div>\n\t\t\t\t<div class=\"elementor-element elementor-element-597631d elementor-widget elementor-widget-text-editor\" data-id=\"597631d\" data-element_type=\"widget\" data-widget_type=\"text-editor.default\">\n\t\t\t\t<div class=\"elementor-widget-container\">\n\t\t\t\t\t\t\t\t\t<ol>\n<li>Ermittlung des aktuellen Leistungsstandes und Zielsetzung<\/li>\n<li>\u00a0Ehrliches, klassisches Training ohne Zauberformeln und Abk\u00fcrzungen<\/li>\n<li>\u00a0Motivation&#8230;und nat\u00fcrlich gute Laune \ud83d\ude09<\/li>\n<li>\u00a0Leistungsspektrum vom funktionellem Training mit der Langhantel bis hin zum Reha- oder Pr\u00e4ventionssport<\/li>\n<\/ol>\t\t\t\t\t\t\t\t<\/div>\n\t\t\t\t<\/div>\n\t\t\t\t<div class=\"elementor-element elementor-element-15c36c1 elementor-widget elementor-widget-spacer\" data-id=\"15c36c1\" data-element_type=\"widget\" data-widget_type=\"spacer.default\">\n\t\t\t\t<div class=\"elementor-widget-container\">\n\t\t\t\t\t\t\t<div class=\"elementor-spacer\">\n\t\t\t<div class=\"elementor-spacer-inner\"><\/div>\n\t\t<\/div>\n\t\t\t\t\t\t<\/div>\n\t\t\t\t<\/div>\n\t\t\t\t\t<\/div>\n\t\t<\/div>\n\t\t\t\t\t<\/div>\n\t\t<\/section>\n\t\t\t\t<section class=\"elementor-section elementor-top-section elementor-element elementor-element-15d30d1 elementor-section-boxed elementor-section-height-default elementor-section-height-default\" data-id=\"15d30d1\" data-element_type=\"section\">\n\t\t\t\t\t\t<div class=\"elementor-container elementor-column-gap-default\">\n\t\t\t\t\t<div class=\"elementor-column elementor-col-100 elementor-top-column elementor-element elementor-element-4b0be74\" data-id=\"4b0be74\" data-element_type=\"column\">\n\t\t\t<div class=\"elementor-widget-wrap elementor-element-populated\">\n\t\t\t\t\t\t<div class=\"elementor-element elementor-element-a205033 elementor-widget elementor-widget-wp-widget-wpforms-widget\" data-id=\"a205033\" data-element_type=\"widget\" data-widget_type=\"wp-widget-wpforms-widget.default\">\n\t\t\t\t<div class=\"elementor-widget-container\">\n\t\t\t\t\t<h5>Kontaktformular<\/h5><div class=\"wpforms-container wpforms-container-full\" id=\"wpforms-715\"><form id=\"wpforms-form-715\" class=\"wpforms-validate wpforms-form\" data-formid=\"715\" method=\"post\" enctype=\"multipart\/form-data\" action=\"\/index.php?rest_route=%2Fwp%2Fv2%2Fpages%2F58\" data-token=\"a795f8aeeb47ea0e4bee8bab0eb1de03\" data-token-time=\"1778067831\"><noscript class=\"wpforms-error-noscript\">Bitte aktiviere JavaScript in deinem Browser, um dieses Formular fertigzustellen.<\/noscript><div class=\"wpforms-field-container\"><div id=\"wpforms-715-field_0-container\" class=\"wpforms-field wpforms-field-name\" data-field-id=\"0\"><label class=\"wpforms-field-label\">Name <span class=\"wpforms-required-label\">*<\/span><\/label><div class=\"wpforms-field-row wpforms-field-medium\"><div class=\"wpforms-field-row-block wpforms-first wpforms-one-half\"><input type=\"text\" id=\"wpforms-715-field_0\" class=\"wpforms-field-name-first wpforms-field-required\" name=\"wpforms[fields][0][first]\" required><label for=\"wpforms-715-field_0\" class=\"wpforms-field-sublabel after\">Vorname<\/label><\/div><div class=\"wpforms-field-row-block wpforms-one-half\"><input type=\"text\" id=\"wpforms-715-field_0-last\" class=\"wpforms-field-name-last wpforms-field-required\" name=\"wpforms[fields][0][last]\" required><label for=\"wpforms-715-field_0-last\" class=\"wpforms-field-sublabel after\">Nachname<\/label><\/div><\/div><\/div><div id=\"wpforms-715-field_1-container\" class=\"wpforms-field wpforms-field-email\" data-field-id=\"1\"><label class=\"wpforms-field-label\" for=\"wpforms-715-field_1\">E-Mail <span class=\"wpforms-required-label\">*<\/span><\/label><input type=\"email\" id=\"wpforms-715-field_1\" class=\"wpforms-field-medium wpforms-field-required\" name=\"wpforms[fields][1]\" spellcheck=\"false\" required><\/div><div id=\"wpforms-715-field_4-container\" class=\"wpforms-field wpforms-field-text\" data-field-id=\"4\"><label class=\"wpforms-field-label\" for=\"wpforms-715-field_4\">Alter <span class=\"wpforms-required-label\">*<\/span><\/label><input type=\"text\" id=\"wpforms-715-field_4\" class=\"wpforms-field-medium wpforms-field-required\" name=\"wpforms[fields][4]\" required><\/div><div id=\"wpforms-715-field_5-container\" class=\"wpforms-field wpforms-field-text\" data-field-id=\"5\"><label class=\"wpforms-field-label\" for=\"wpforms-715-field_5\">Trainingsziel <span class=\"wpforms-required-label\">*<\/span><\/label><input type=\"text\" id=\"wpforms-715-field_5\" class=\"wpforms-field-medium wpforms-field-required\" name=\"wpforms[fields][5]\" required><\/div><\/div><!-- .wpforms-field-container --><div class=\"wpforms-field wpforms-field-hp\"><label for=\"wpforms-715-field-hp\" class=\"wpforms-field-label\">Name<\/label><input type=\"text\" name=\"wpforms[hp]\" id=\"wpforms-715-field-hp\" class=\"wpforms-field-medium\"><\/div><div class=\"wpforms-submit-container\" ><input type=\"hidden\" name=\"wpforms[id]\" value=\"715\"><input type=\"hidden\" name=\"page_title\" value=\"\"><input type=\"hidden\" name=\"page_url\" value=\"https:\/\/dancefit-andi.de\/index.php?rest_route=\/wp\/v2\/pages\/58\"><input type=\"hidden\" name=\"url_referer\" value=\"\"><button type=\"submit\" name=\"wpforms[submit]\" id=\"wpforms-submit-715\" class=\"wpforms-submit\" data-alt-text=\"Senden...\" data-submit-text=\"Absenden\" aria-live=\"assertive\" value=\"wpforms-submit\">Absenden<\/button><\/div><\/form><\/div>  <!-- .wpforms-container -->\t\t\t\t<\/div>\n\t\t\t\t<\/div>\n\t\t\t\t\t<\/div>\n\t\t<\/div>\n\t\t\t\t\t<\/div>\n\t\t<\/section>\n\t\t\t\t<\/div>\n\t\t","protected":false},"excerpt":{"rendered":"<p>Personal Training &#8211; das Training f\u00fcr mich! Jeder Mensch ist einzigartig und unterscheidet sich in Bezug auf Anatomie, Ern\u00e4hrung und Willenskraft von den anderen. Was hat dies f\u00fcr Auswirkungen auf das Kraft-und Ausdauertraining? Da nicht jeder die gleiche Gr\u00f6\u00dfe, Muskelmasse, Beweglichkeit und Belastbarkeit besitzt, bietet es sich an, die Trainingsplanung auf individuelle Bed\u00fcrfnisse zuzuschneiden. Was [&hellip;]<\/p>\n","protected":false},"author":1,"featured_media":421,"parent":0,"menu_order":0,"comment_status":"closed","ping_status":"closed","template":"","meta":{"footnotes":""},"yoast_head":"<!-- This site is optimized with the Yoast SEO plugin v22.7 - https:\/\/yoast.com\/wordpress\/plugins\/seo\/ -->\n<title>Personal Training - DanceFit mit Andi<\/title>\n<meta name=\"description\" content=\"Personal Training, Langhateltraining, Kettlebells, Rehab, Prehab\" \/>\n<meta name=\"robots\" content=\"index, follow, max-snippet:-1, max-image-preview:large, max-video-preview:-1\" \/>\n<link rel=\"canonical\" href=\"https:\/\/dancefit-andi.de\/?page_id=58\" \/>\n<meta property=\"og:locale\" content=\"de_DE\" \/>\n<meta property=\"og:type\" content=\"article\" \/>\n<meta property=\"og:title\" content=\"Personal Training - DanceFit mit Andi\" \/>\n<meta property=\"og:description\" content=\"Personal Training, Langhateltraining, Kettlebells, Rehab, Prehab\" \/>\n<meta property=\"og:url\" content=\"https:\/\/dancefit-andi.de\/?page_id=58\" \/>\n<meta property=\"og:site_name\" content=\"DanceFit mit Andi\" \/>\n<meta property=\"article:modified_time\" content=\"2021-08-06T13:10:22+00:00\" \/>\n<meta property=\"og:image\" content=\"https:\/\/dancefit-andi.de\/wp-content\/uploads\/2016\/10\/img_25874136-e1566916783588.jpg\" \/>\n\t<meta property=\"og:image:width\" content=\"833\" \/>\n\t<meta property=\"og:image:height\" content=\"220\" \/>\n\t<meta property=\"og:image:type\" content=\"image\/jpeg\" \/>\n<meta name=\"twitter:card\" content=\"summary_large_image\" \/>\n<script type=\"application\/ld+json\" class=\"yoast-schema-graph\">{\"@context\":\"https:\/\/schema.org\",\"@graph\":[{\"@type\":\"WebPage\",\"@id\":\"https:\/\/dancefit-andi.de\/?page_id=58\",\"url\":\"https:\/\/dancefit-andi.de\/?page_id=58\",\"name\":\"Personal Training - DanceFit mit Andi\",\"isPartOf\":{\"@id\":\"https:\/\/dancefit-andi.de\/#website\"},\"primaryImageOfPage\":{\"@id\":\"https:\/\/dancefit-andi.de\/?page_id=58#primaryimage\"},\"image\":{\"@id\":\"https:\/\/dancefit-andi.de\/?page_id=58#primaryimage\"},\"thumbnailUrl\":\"https:\/\/dancefit-andi.de\/wp-content\/uploads\/2016\/10\/img_25874136-e1566916783588.jpg\",\"datePublished\":\"2019-08-20T07:28:51+00:00\",\"dateModified\":\"2021-08-06T13:10:22+00:00\",\"description\":\"Personal Training, Langhateltraining, Kettlebells, Rehab, Prehab\",\"breadcrumb\":{\"@id\":\"https:\/\/dancefit-andi.de\/?page_id=58#breadcrumb\"},\"inLanguage\":\"de\",\"potentialAction\":[{\"@type\":\"ReadAction\",\"target\":[\"https:\/\/dancefit-andi.de\/?page_id=58\"]}]},{\"@type\":\"ImageObject\",\"inLanguage\":\"de\",\"@id\":\"https:\/\/dancefit-andi.de\/?page_id=58#primaryimage\",\"url\":\"https:\/\/dancefit-andi.de\/wp-content\/uploads\/2016\/10\/img_25874136-e1566916783588.jpg\",\"contentUrl\":\"https:\/\/dancefit-andi.de\/wp-content\/uploads\/2016\/10\/img_25874136-e1566916783588.jpg\",\"width\":833,\"height\":220},{\"@type\":\"BreadcrumbList\",\"@id\":\"https:\/\/dancefit-andi.de\/?page_id=58#breadcrumb\",\"itemListElement\":[{\"@type\":\"ListItem\",\"position\":1,\"name\":\"Startseite\",\"item\":\"https:\/\/dancefit-andi.de\/\"},{\"@type\":\"ListItem\",\"position\":2,\"name\":\"Personal Training\"}]},{\"@type\":\"WebSite\",\"@id\":\"https:\/\/dancefit-andi.de\/#website\",\"url\":\"https:\/\/dancefit-andi.de\/\",\"name\":\"Tanz, Fitness & Zumba mit Andi\",\"description\":\"Tanzen Fitness Zumba\",\"publisher\":{\"@id\":\"https:\/\/dancefit-andi.de\/#\/schema\/person\/986c47a3347b5c1137399433b7169ebc\"},\"potentialAction\":[{\"@type\":\"SearchAction\",\"target\":{\"@type\":\"EntryPoint\",\"urlTemplate\":\"https:\/\/dancefit-andi.de\/?s={search_term_string}\"},\"query-input\":\"required name=search_term_string\"}],\"inLanguage\":\"de\"},{\"@type\":[\"Person\",\"Organization\"],\"@id\":\"https:\/\/dancefit-andi.de\/#\/schema\/person\/986c47a3347b5c1137399433b7169ebc\",\"name\":\"andig\",\"image\":{\"@type\":\"ImageObject\",\"inLanguage\":\"de\",\"@id\":\"https:\/\/dancefit-andi.de\/#\/schema\/person\/image\/\",\"url\":\"https:\/\/dancefit-andi.de\/wp-content\/uploads\/2019\/08\/cropped-DanceFit-mit-Andi.png\",\"contentUrl\":\"https:\/\/dancefit-andi.de\/wp-content\/uploads\/2019\/08\/cropped-DanceFit-mit-Andi.png\",\"width\":500,\"height\":142,\"caption\":\"andig\"},\"logo\":{\"@id\":\"https:\/\/dancefit-andi.de\/#\/schema\/person\/image\/\"}}]}<\/script>\n<!-- \/ Yoast SEO plugin. -->","yoast_head_json":{"title":"Personal Training - DanceFit mit Andi","description":"Personal Training, Langhateltraining, Kettlebells, Rehab, Prehab","robots":{"index":"index","follow":"follow","max-snippet":"max-snippet:-1","max-image-preview":"max-image-preview:large","max-video-preview":"max-video-preview:-1"},"canonical":"https:\/\/dancefit-andi.de\/?page_id=58","og_locale":"de_DE","og_type":"article","og_title":"Personal Training - DanceFit mit Andi","og_description":"Personal Training, Langhateltraining, Kettlebells, Rehab, Prehab","og_url":"https:\/\/dancefit-andi.de\/?page_id=58","og_site_name":"DanceFit mit Andi","article_modified_time":"2021-08-06T13:10:22+00:00","og_image":[{"width":833,"height":220,"url":"https:\/\/dancefit-andi.de\/wp-content\/uploads\/2016\/10\/img_25874136-e1566916783588.jpg","type":"image\/jpeg"}],"twitter_card":"summary_large_image","schema":{"@context":"https:\/\/schema.org","@graph":[{"@type":"WebPage","@id":"https:\/\/dancefit-andi.de\/?page_id=58","url":"https:\/\/dancefit-andi.de\/?page_id=58","name":"Personal Training - DanceFit mit Andi","isPartOf":{"@id":"https:\/\/dancefit-andi.de\/#website"},"primaryImageOfPage":{"@id":"https:\/\/dancefit-andi.de\/?page_id=58#primaryimage"},"image":{"@id":"https:\/\/dancefit-andi.de\/?page_id=58#primaryimage"},"thumbnailUrl":"https:\/\/dancefit-andi.de\/wp-content\/uploads\/2016\/10\/img_25874136-e1566916783588.jpg","datePublished":"2019-08-20T07:28:51+00:00","dateModified":"2021-08-06T13:10:22+00:00","description":"Personal Training, Langhateltraining, Kettlebells, Rehab, Prehab","breadcrumb":{"@id":"https:\/\/dancefit-andi.de\/?page_id=58#breadcrumb"},"inLanguage":"de","potentialAction":[{"@type":"ReadAction","target":["https:\/\/dancefit-andi.de\/?page_id=58"]}]},{"@type":"ImageObject","inLanguage":"de","@id":"https:\/\/dancefit-andi.de\/?page_id=58#primaryimage","url":"https:\/\/dancefit-andi.de\/wp-content\/uploads\/2016\/10\/img_25874136-e1566916783588.jpg","contentUrl":"https:\/\/dancefit-andi.de\/wp-content\/uploads\/2016\/10\/img_25874136-e1566916783588.jpg","width":833,"height":220},{"@type":"BreadcrumbList","@id":"https:\/\/dancefit-andi.de\/?page_id=58#breadcrumb","itemListElement":[{"@type":"ListItem","position":1,"name":"Startseite","item":"https:\/\/dancefit-andi.de\/"},{"@type":"ListItem","position":2,"name":"Personal Training"}]},{"@type":"WebSite","@id":"https:\/\/dancefit-andi.de\/#website","url":"https:\/\/dancefit-andi.de\/","name":"Tanz, Fitness & Zumba mit Andi","description":"Tanzen Fitness Zumba","publisher":{"@id":"https:\/\/dancefit-andi.de\/#\/schema\/person\/986c47a3347b5c1137399433b7169ebc"},"potentialAction":[{"@type":"SearchAction","target":{"@type":"EntryPoint","urlTemplate":"https:\/\/dancefit-andi.de\/?s={search_term_string}"},"query-input":"required name=search_term_string"}],"inLanguage":"de"},{"@type":["Person","Organization"],"@id":"https:\/\/dancefit-andi.de\/#\/schema\/person\/986c47a3347b5c1137399433b7169ebc","name":"andig","image":{"@type":"ImageObject","inLanguage":"de","@id":"https:\/\/dancefit-andi.de\/#\/schema\/person\/image\/","url":"https:\/\/dancefit-andi.de\/wp-content\/uploads\/2019\/08\/cropped-DanceFit-mit-Andi.png","contentUrl":"https:\/\/dancefit-andi.de\/wp-content\/uploads\/2019\/08\/cropped-DanceFit-mit-Andi.png","width":500,"height":142,"caption":"andig"},"logo":{"@id":"https:\/\/dancefit-andi.de\/#\/schema\/person\/image\/"}}]}},"_links":{"self":[{"href":"https:\/\/dancefit-andi.de\/index.php?rest_route=\/wp\/v2\/pages\/58"}],"collection":[{"href":"https:\/\/dancefit-andi.de\/index.php?rest_route=\/wp\/v2\/pages"}],"about":[{"href":"https:\/\/dancefit-andi.de\/index.php?rest_route=\/wp\/v2\/types\/page"}],"author":[{"embeddable":true,"href":"https:\/\/dancefit-andi.de\/index.php?rest_route=\/wp\/v2\/users\/1"}],"replies":[{"embeddable":true,"href":"https:\/\/dancefit-andi.de\/index.php?rest_route=%2Fwp%2Fv2%2Fcomments&post=58"}],"version-history":[{"count":9,"href":"https:\/\/dancefit-andi.de\/index.php?rest_route=\/wp\/v2\/pages\/58\/revisions"}],"predecessor-version":[{"id":948,"href":"https:\/\/dancefit-andi.de\/index.php?rest_route=\/wp\/v2\/pages\/58\/revisions\/948"}],"wp:featuredmedia":[{"embeddable":true,"href":"https:\/\/dancefit-andi.de\/index.php?rest_route=\/wp\/v2\/media\/421"}],"wp:attachment":[{"href":"https:\/\/dancefit-andi.de\/index.php?rest_route=%2Fwp%2Fv2%2Fmedia&parent=58"}],"curies":[{"name":"wp","href":"https:\/\/api.w.org\/{rel}","templated":true}]}}