{"id":31,"date":"2019-08-19T16:34:29","date_gmt":"2019-08-19T16:34:29","guid":{"rendered":"https:\/\/dancefit-andi.de\/?page_id=31"},"modified":"2021-08-06T11:55:17","modified_gmt":"2021-08-06T11:55:17","slug":"was-ist-zumba","status":"publish","type":"page","link":"https:\/\/dancefit-andi.de\/?page_id=31","title":{"rendered":"Was ist Zumba?"},"content":{"rendered":"\t\t<div data-elementor-type=\"wp-post\" data-elementor-id=\"31\" class=\"elementor elementor-31\">\n\t\t\t\t\t\t<section class=\"elementor-section elementor-top-section elementor-element elementor-element-724648c4 elementor-section-boxed elementor-section-height-default elementor-section-height-default\" data-id=\"724648c4\" data-element_type=\"section\">\n\t\t\t\t\t\t<div class=\"elementor-container elementor-column-gap-default\">\n\t\t\t\t\t<div class=\"elementor-column elementor-col-100 elementor-top-column elementor-element elementor-element-734494c8\" data-id=\"734494c8\" data-element_type=\"column\">\n\t\t\t<div class=\"elementor-widget-wrap elementor-element-populated\">\n\t\t\t\t\t\t<div class=\"elementor-element elementor-element-5cecc830 elementor-widget elementor-widget-text-editor\" data-id=\"5cecc830\" data-element_type=\"widget\" data-widget_type=\"text-editor.default\">\n\t\t\t\t<div class=\"elementor-widget-container\">\n\t\t\t\t\t\t\t\t\t<p><\/p>\n<p><img fetchpriority=\"high\" decoding=\"async\" class=\"alignnone size-full wp-image-579\" src=\"https:\/\/dancefit-andi.de\/wp-content\/uploads\/2019\/08\/zumba_zumba_logo_color.jpg\" alt=\"\" width=\"255\" height=\"274\" \/><\/p>\n<p><strong>Tanzen Dich schlank und fit&#8230;<br \/><\/strong>Zumba<sup>\u00ae<\/sup> ist ein mitrei\u00dfendes Workout, das die Welt im Sturm erobert hat. Dieses unglaubliche, vom Tanz inspirierte, Kalorien verbrennende, Muskel formende Ganzk\u00f6rper-Training f\u00fchlt sich nicht nach einem anstrengenden Workout an, weil es so viel Spa\u00df macht!\u00a0 Das Zumba<sup>\u00ae<\/sup>Fitness Programm wurde in den 90er Jahren von dem Kolumbianer Alberto &#8222;Beto&#8220; Perez entwickelt, einem Fitness-Trainer mit vielen prominenten Kunden, der auch als Choreograph f\u00fcr internationale Superstars der Popmusik t\u00e4tig ist. Angeregt durch die traditionelle Musik seiner Heimat &#8211; Cumbia, Salsa, Samba und Merengue &#8211; kombinierte Beto die feurigen, lateinamerikanischen Rhythmen, die ihm am besten gefielen, mit den hei\u00dfen Tanzschritten, die seine internationalen Kunden liebten. Seit der Einf\u00fchrung in 2001 ist Zumba eines der bedeutendsten und erfolgreichsten Tanz-Fitnessprogramme der Welt geworden. Das Zumba Ph\u00e4nomen hat die Welt im Sturm erobert! Mehr als 12 Millionen Menschen, Jung und Alt, in \u00fcber 125 L\u00e4ndern sind von Zumba begeistert.<\/p>\n<p><\/p>\n<p>\u00a0<\/p>\t\t\t\t\t\t\t\t<\/div>\n\t\t\t\t<\/div>\n\t\t\t\t\t<\/div>\n\t\t<\/div>\n\t\t\t\t\t<\/div>\n\t\t<\/section>\n\t\t\t\t<\/div>\n\t\t","protected":false},"excerpt":{"rendered":"<p>Tanzen Dich schlank und fit&#8230;Zumba\u00ae ist ein mitrei\u00dfendes Workout, das die Welt im Sturm erobert hat. Dieses unglaubliche, vom Tanz inspirierte, Kalorien verbrennende, Muskel formende Ganzk\u00f6rper-Training f\u00fchlt sich nicht nach einem anstrengenden Workout an, weil es so viel Spa\u00df macht!\u00a0 Das Zumba\u00aeFitness Programm wurde in den 90er Jahren von dem Kolumbianer Alberto &#8222;Beto&#8220; Perez entwickelt, [&hellip;]<\/p>\n","protected":false},"author":1,"featured_media":43,"parent":0,"menu_order":0,"comment_status":"closed","ping_status":"closed","template":"","meta":{"footnotes":""},"yoast_head":"<!-- This site is optimized with the Yoast SEO plugin v22.7 - https:\/\/yoast.com\/wordpress\/plugins\/seo\/ -->\n<title>Was ist Zumba? - DanceFit mit Andi<\/title>\n<meta name=\"description\" content=\"Zumba Gold ist die &quot;Light&quot;-Version von Zumba Fitness. Das Programm ist etwas ruhiger und schonender gestaltet - auch ideal f\u00fcr Neueinsteiger\" \/>\n<meta name=\"robots\" content=\"index, follow, max-snippet:-1, max-image-preview:large, max-video-preview:-1\" \/>\n<link rel=\"canonical\" href=\"https:\/\/dancefit-andi.de\/?page_id=31\" \/>\n<meta property=\"og:locale\" content=\"de_DE\" \/>\n<meta property=\"og:type\" content=\"article\" \/>\n<meta property=\"og:title\" content=\"Was ist Zumba? - DanceFit mit Andi\" \/>\n<meta property=\"og:description\" content=\"Zumba Gold ist die &quot;Light&quot;-Version von Zumba Fitness. Das Programm ist etwas ruhiger und schonender gestaltet - auch ideal f\u00fcr Neueinsteiger\" \/>\n<meta property=\"og:url\" content=\"https:\/\/dancefit-andi.de\/?page_id=31\" \/>\n<meta property=\"og:site_name\" content=\"DanceFit mit Andi\" \/>\n<meta property=\"article:modified_time\" content=\"2021-08-06T11:55:17+00:00\" \/>\n<meta property=\"og:image\" content=\"https:\/\/dancefit-andi.de\/wp-content\/uploads\/2019\/08\/header.jpg\" \/>\n\t<meta property=\"og:image:width\" content=\"960\" \/>\n\t<meta property=\"og:image:height\" content=\"301\" \/>\n\t<meta property=\"og:image:type\" content=\"image\/jpeg\" \/>\n<meta name=\"twitter:card\" content=\"summary_large_image\" \/>\n<meta name=\"twitter:label1\" content=\"Gesch\u00e4tzte Lesezeit\" \/>\n\t<meta name=\"twitter:data1\" content=\"1\u00a0Minute\" \/>\n<script type=\"application\/ld+json\" class=\"yoast-schema-graph\">{\"@context\":\"https:\/\/schema.org\",\"@graph\":[{\"@type\":\"WebPage\",\"@id\":\"https:\/\/dancefit-andi.de\/?page_id=31\",\"url\":\"https:\/\/dancefit-andi.de\/?page_id=31\",\"name\":\"Was ist Zumba? - DanceFit mit Andi\",\"isPartOf\":{\"@id\":\"https:\/\/dancefit-andi.de\/#website\"},\"primaryImageOfPage\":{\"@id\":\"https:\/\/dancefit-andi.de\/?page_id=31#primaryimage\"},\"image\":{\"@id\":\"https:\/\/dancefit-andi.de\/?page_id=31#primaryimage\"},\"thumbnailUrl\":\"https:\/\/dancefit-andi.de\/wp-content\/uploads\/2019\/08\/header.jpg\",\"datePublished\":\"2019-08-19T16:34:29+00:00\",\"dateModified\":\"2021-08-06T11:55:17+00:00\",\"description\":\"Zumba Gold ist die \\\"Light\\\"-Version von Zumba Fitness. Das Programm ist etwas ruhiger und schonender gestaltet - auch ideal f\u00fcr Neueinsteiger\",\"breadcrumb\":{\"@id\":\"https:\/\/dancefit-andi.de\/?page_id=31#breadcrumb\"},\"inLanguage\":\"de\",\"potentialAction\":[{\"@type\":\"ReadAction\",\"target\":[\"https:\/\/dancefit-andi.de\/?page_id=31\"]}]},{\"@type\":\"ImageObject\",\"inLanguage\":\"de\",\"@id\":\"https:\/\/dancefit-andi.de\/?page_id=31#primaryimage\",\"url\":\"https:\/\/dancefit-andi.de\/wp-content\/uploads\/2019\/08\/header.jpg\",\"contentUrl\":\"https:\/\/dancefit-andi.de\/wp-content\/uploads\/2019\/08\/header.jpg\",\"width\":960,\"height\":301},{\"@type\":\"BreadcrumbList\",\"@id\":\"https:\/\/dancefit-andi.de\/?page_id=31#breadcrumb\",\"itemListElement\":[{\"@type\":\"ListItem\",\"position\":1,\"name\":\"Startseite\",\"item\":\"https:\/\/dancefit-andi.de\/\"},{\"@type\":\"ListItem\",\"position\":2,\"name\":\"Was ist Zumba?\"}]},{\"@type\":\"WebSite\",\"@id\":\"https:\/\/dancefit-andi.de\/#website\",\"url\":\"https:\/\/dancefit-andi.de\/\",\"name\":\"Tanz, Fitness & Zumba mit Andi\",\"description\":\"Tanzen Fitness Zumba\",\"publisher\":{\"@id\":\"https:\/\/dancefit-andi.de\/#\/schema\/person\/986c47a3347b5c1137399433b7169ebc\"},\"potentialAction\":[{\"@type\":\"SearchAction\",\"target\":{\"@type\":\"EntryPoint\",\"urlTemplate\":\"https:\/\/dancefit-andi.de\/?s={search_term_string}\"},\"query-input\":\"required name=search_term_string\"}],\"inLanguage\":\"de\"},{\"@type\":[\"Person\",\"Organization\"],\"@id\":\"https:\/\/dancefit-andi.de\/#\/schema\/person\/986c47a3347b5c1137399433b7169ebc\",\"name\":\"andig\",\"image\":{\"@type\":\"ImageObject\",\"inLanguage\":\"de\",\"@id\":\"https:\/\/dancefit-andi.de\/#\/schema\/person\/image\/\",\"url\":\"https:\/\/dancefit-andi.de\/wp-content\/uploads\/2019\/08\/cropped-DanceFit-mit-Andi.png\",\"contentUrl\":\"https:\/\/dancefit-andi.de\/wp-content\/uploads\/2019\/08\/cropped-DanceFit-mit-Andi.png\",\"width\":500,\"height\":142,\"caption\":\"andig\"},\"logo\":{\"@id\":\"https:\/\/dancefit-andi.de\/#\/schema\/person\/image\/\"}}]}<\/script>\n<!-- \/ Yoast SEO plugin. -->","yoast_head_json":{"title":"Was ist Zumba? - DanceFit mit Andi","description":"Zumba Gold ist die \"Light\"-Version von Zumba Fitness. Das Programm ist etwas ruhiger und schonender gestaltet - auch ideal f\u00fcr Neueinsteiger","robots":{"index":"index","follow":"follow","max-snippet":"max-snippet:-1","max-image-preview":"max-image-preview:large","max-video-preview":"max-video-preview:-1"},"canonical":"https:\/\/dancefit-andi.de\/?page_id=31","og_locale":"de_DE","og_type":"article","og_title":"Was ist Zumba? - DanceFit mit Andi","og_description":"Zumba Gold ist die \"Light\"-Version von Zumba Fitness. Das Programm ist etwas ruhiger und schonender gestaltet - auch ideal f\u00fcr Neueinsteiger","og_url":"https:\/\/dancefit-andi.de\/?page_id=31","og_site_name":"DanceFit mit Andi","article_modified_time":"2021-08-06T11:55:17+00:00","og_image":[{"width":960,"height":301,"url":"https:\/\/dancefit-andi.de\/wp-content\/uploads\/2019\/08\/header.jpg","type":"image\/jpeg"}],"twitter_card":"summary_large_image","twitter_misc":{"Gesch\u00e4tzte Lesezeit":"1\u00a0Minute"},"schema":{"@context":"https:\/\/schema.org","@graph":[{"@type":"WebPage","@id":"https:\/\/dancefit-andi.de\/?page_id=31","url":"https:\/\/dancefit-andi.de\/?page_id=31","name":"Was ist Zumba? - DanceFit mit Andi","isPartOf":{"@id":"https:\/\/dancefit-andi.de\/#website"},"primaryImageOfPage":{"@id":"https:\/\/dancefit-andi.de\/?page_id=31#primaryimage"},"image":{"@id":"https:\/\/dancefit-andi.de\/?page_id=31#primaryimage"},"thumbnailUrl":"https:\/\/dancefit-andi.de\/wp-content\/uploads\/2019\/08\/header.jpg","datePublished":"2019-08-19T16:34:29+00:00","dateModified":"2021-08-06T11:55:17+00:00","description":"Zumba Gold ist die \"Light\"-Version von Zumba Fitness. Das Programm ist etwas ruhiger und schonender gestaltet - auch ideal f\u00fcr Neueinsteiger","breadcrumb":{"@id":"https:\/\/dancefit-andi.de\/?page_id=31#breadcrumb"},"inLanguage":"de","potentialAction":[{"@type":"ReadAction","target":["https:\/\/dancefit-andi.de\/?page_id=31"]}]},{"@type":"ImageObject","inLanguage":"de","@id":"https:\/\/dancefit-andi.de\/?page_id=31#primaryimage","url":"https:\/\/dancefit-andi.de\/wp-content\/uploads\/2019\/08\/header.jpg","contentUrl":"https:\/\/dancefit-andi.de\/wp-content\/uploads\/2019\/08\/header.jpg","width":960,"height":301},{"@type":"BreadcrumbList","@id":"https:\/\/dancefit-andi.de\/?page_id=31#breadcrumb","itemListElement":[{"@type":"ListItem","position":1,"name":"Startseite","item":"https:\/\/dancefit-andi.de\/"},{"@type":"ListItem","position":2,"name":"Was ist Zumba?"}]},{"@type":"WebSite","@id":"https:\/\/dancefit-andi.de\/#website","url":"https:\/\/dancefit-andi.de\/","name":"Tanz, Fitness & Zumba mit Andi","description":"Tanzen Fitness Zumba","publisher":{"@id":"https:\/\/dancefit-andi.de\/#\/schema\/person\/986c47a3347b5c1137399433b7169ebc"},"potentialAction":[{"@type":"SearchAction","target":{"@type":"EntryPoint","urlTemplate":"https:\/\/dancefit-andi.de\/?s={search_term_string}"},"query-input":"required name=search_term_string"}],"inLanguage":"de"},{"@type":["Person","Organization"],"@id":"https:\/\/dancefit-andi.de\/#\/schema\/person\/986c47a3347b5c1137399433b7169ebc","name":"andig","image":{"@type":"ImageObject","inLanguage":"de","@id":"https:\/\/dancefit-andi.de\/#\/schema\/person\/image\/","url":"https:\/\/dancefit-andi.de\/wp-content\/uploads\/2019\/08\/cropped-DanceFit-mit-Andi.png","contentUrl":"https:\/\/dancefit-andi.de\/wp-content\/uploads\/2019\/08\/cropped-DanceFit-mit-Andi.png","width":500,"height":142,"caption":"andig"},"logo":{"@id":"https:\/\/dancefit-andi.de\/#\/schema\/person\/image\/"}}]}},"_links":{"self":[{"href":"https:\/\/dancefit-andi.de\/index.php?rest_route=\/wp\/v2\/pages\/31"}],"collection":[{"href":"https:\/\/dancefit-andi.de\/index.php?rest_route=\/wp\/v2\/pages"}],"about":[{"href":"https:\/\/dancefit-andi.de\/index.php?rest_route=\/wp\/v2\/types\/page"}],"author":[{"embeddable":true,"href":"https:\/\/dancefit-andi.de\/index.php?rest_route=\/wp\/v2\/users\/1"}],"replies":[{"embeddable":true,"href":"https:\/\/dancefit-andi.de\/index.php?rest_route=%2Fwp%2Fv2%2Fcomments&post=31"}],"version-history":[{"count":5,"href":"https:\/\/dancefit-andi.de\/index.php?rest_route=\/wp\/v2\/pages\/31\/revisions"}],"predecessor-version":[{"id":708,"href":"https:\/\/dancefit-andi.de\/index.php?rest_route=\/wp\/v2\/pages\/31\/revisions\/708"}],"wp:featuredmedia":[{"embeddable":true,"href":"https:\/\/dancefit-andi.de\/index.php?rest_route=\/wp\/v2\/media\/43"}],"wp:attachment":[{"href":"https:\/\/dancefit-andi.de\/index.php?rest_route=%2Fwp%2Fv2%2Fmedia&parent=31"}],"curies":[{"name":"wp","href":"https:\/\/api.w.org\/{rel}","templated":true}]}}